{"id":18097,"date":"2023-08-24T13:30:51","date_gmt":"2023-08-24T13:30:51","guid":{"rendered":"https:\/\/geyssel.net\/application-process\/"},"modified":"2023-12-14T16:24:42","modified_gmt":"2023-12-14T16:24:42","slug":"application-process","status":"publish","type":"page","link":"https:\/\/geyssel.net\/en\/application-process\/","title":{"rendered":"Application process"},"content":{"rendered":"<p><div class=\"fusion-fullwidth fullwidth-box fusion-builder-row-1 fusion-flex-container has-pattern-background has-mask-background fusion-parallax-none nonhundred-percent-fullwidth non-hundred-percent-height-scrolling fusion-no-small-visibility\" style=\"--awb-background-position:right top;--awb-border-sizes-top:0px;--awb-border-sizes-bottom:0px;--awb-border-sizes-left:0px;--awb-border-radius-top-left:0px;--awb-border-radius-top-right:0px;--awb-border-radius-bottom-right:0px;--awb-border-radius-bottom-left:0px;--awb-margin-bottom:0px;--awb-background-color:rgba(235,237,238,0);--awb-background-image:url(&quot;https:\/\/geyssel.net\/wp-content\/uploads\/2022\/03\/shopping-fahrsteig.jpg&quot;);--awb-background-size:cover;--awb-flex-wrap:wrap;\" ><div class=\"fusion-builder-row fusion-row fusion-flex-align-items-flex-start fusion-flex-content-wrap\" style=\"max-width:1216.8px;margin-left: calc(-4% \/ 2 );margin-right: calc(-4% \/ 2 );\"><div class=\"fusion-layout-column fusion_builder_column fusion-builder-column-0 fusion_builder_column_3_5 3_5 fusion-flex-column\" style=\"--awb-padding-top:170px;--awb-padding-bottom:170px;--awb-bg-color:rgba(29,74,137,0.8);--awb-bg-color-hover:rgba(29,74,137,0.8);--awb-bg-size:cover;--awb-width-large:60%;--awb-margin-top-large:0px;--awb-spacing-right-large:3.2%;--awb-margin-bottom-large:0px;--awb-spacing-left-large:3.2%;--awb-width-medium:100%;--awb-order-medium:0;--awb-spacing-right-medium:1.92%;--awb-spacing-left-medium:1.92%;--awb-width-small:100%;--awb-order-small:0;--awb-spacing-right-small:1.92%;--awb-spacing-left-small:1.92%;\" data-motion-effects=\"[{&quot;type&quot;:&quot;&quot;,&quot;scroll_type&quot;:&quot;transition&quot;,&quot;scroll_direction&quot;:&quot;up&quot;,&quot;transition_speed&quot;:&quot;1&quot;,&quot;fade_type&quot;:&quot;in&quot;,&quot;scale_type&quot;:&quot;up&quot;,&quot;initial_scale&quot;:&quot;1&quot;,&quot;max_scale&quot;:&quot;1.5&quot;,&quot;min_scale&quot;:&quot;0.5&quot;,&quot;initial_rotate&quot;:&quot;0&quot;,&quot;end_rotate&quot;:&quot;30&quot;,&quot;initial_blur&quot;:&quot;0&quot;,&quot;end_blur&quot;:&quot;3&quot;,&quot;start_element&quot;:&quot;top&quot;,&quot;start_viewport&quot;:&quot;bottom&quot;,&quot;end_element&quot;:&quot;bottom&quot;,&quot;end_viewport&quot;:&quot;top&quot;,&quot;mouse_effect&quot;:&quot;track&quot;,&quot;mouse_effect_direction&quot;:&quot;opposite&quot;,&quot;mouse_effect_speed&quot;:&quot;2&quot;,&quot;infinite_animation&quot;:&quot;float&quot;,&quot;infinite_animation_speed&quot;:&quot;2&quot;}]\" data-scroll-devices=\"small-visibility,medium-visibility,large-visibility\"><div class=\"fusion-column-wrapper fusion-column-has-shadow fusion-flex-justify-content-flex-start fusion-content-layout-column\"><div class=\"fusion-text fusion-text-1\" style=\"--awb-content-alignment:center;--awb-text-transform:none;--awb-text-color:#ffffff;\"><h1 style=\"text-align: center;\"><span style=\"color: #ffffff;\"><span style=\"font-size: 60px;\">Bewerbungsprozess<\/span><\/span><\/h1>\n<\/div><\/div><\/div><\/div><\/div><div class=\"fusion-fullwidth fullwidth-box fusion-builder-row-2 nonhundred-percent-fullwidth non-hundred-percent-height-scrolling\" style=\"--awb-background-position:left top;--awb-border-sizes-top:0px;--awb-border-sizes-bottom:0px;--awb-border-sizes-left:0px;--awb-border-radius-top-left:0px;--awb-border-radius-top-right:0px;--awb-border-radius-bottom-right:0px;--awb-border-radius-bottom-left:0px;--awb-padding-bottom:0px;--awb-margin-top:5%;--awb-margin-bottom:3%;--awb-flex-wrap:wrap;\" ><div class=\"fusion-builder-row fusion-row\"><div class=\"fusion-layout-column fusion_builder_column fusion-builder-column-1 fusion_builder_column_3_5 3_5 fusion-three-fifth fusion-column-first\" style=\"--awb-bg-size:cover;width:58.4%; margin-right: 4%;\"><div class=\"fusion-column-wrapper fusion-flex-column-wrapper-legacy\"><div class=\"fusion-text fusion-text-2\"><h2>Wie l\u00e4uft das Bewerbungsverfahren bei einer <strong>Bewerbung<\/strong> ab?<\/h2>\n<p>Wenn wir eine Stellenausschreibung auf unserer Homepage und ggf. auch auf externen Online-Stellenb\u00f6rsen ver\u00f6ffentlichen, sind in der Regel Ansprechpartner und\/oder E-Mail-Adressen genannt. Nachfolgend kurz und knapp die weiteren Schritte zusammengefasst:<\/p>\n<\/div><ul style=\"--awb-size:20px;--awb-textcolor:#285a95;--awb-line-height:34px;--awb-icon-width:34px;--awb-icon-height:34px;--awb-icon-margin:14px;--awb-content-margin:48px;--awb-circlecolor:#285a95;--awb-circle-yes-font-size:17.6px;\" class=\"fusion-checklist fusion-checklist-1 fusion-checklist-default fusion-checklist-divider type-icons\"><li class=\"fusion-li-item\" style=\"\"><span class=\"icon-wrapper circle-yes\"><i class=\"fusion-li-icon fa-check fas\" aria-hidden=\"true\"><\/i><\/span><div class=\"fusion-li-item-content\">\n<p>Sie bewerben sich online und erhalten eine Empfangsbest\u00e4tigung<\/p>\n<\/div><\/li><li class=\"fusion-li-item\" style=\"\"><span class=\"icon-wrapper circle-yes\"><i class=\"fusion-li-icon fa-check fas\" aria-hidden=\"true\"><\/i><\/span><div class=\"fusion-li-item-content\">\n<p>Nach Durchsicht Ihrer Bewerbung und Pr\u00fcfung auf Vollst\u00e4ndigkeit treffen wir eine Vorauswahl<\/p>\n<\/div><\/li><li class=\"fusion-li-item\" style=\"\"><span class=\"icon-wrapper circle-yes\"><i class=\"fusion-li-icon fa-check fas\" aria-hidden=\"true\"><\/i><\/span><div class=\"fusion-li-item-content\">\n<p>Der n\u00e4chste Schritt ist die Abstimmung mit der Fachabteilung<\/p>\n<\/div><\/li><li class=\"fusion-li-item\" style=\"\"><span class=\"icon-wrapper circle-yes\"><i class=\"fusion-li-icon fa-check fas\" aria-hidden=\"true\"><\/i><\/span><div class=\"fusion-li-item-content\">\n<p>Das Vorstellungsgespr\u00e4ch f\u00fchren Sie mit unseren Mitarbeitern der Personalabteilung und der Fachabteilung<\/p>\n<\/div><\/li><li class=\"fusion-li-item\" style=\"\"><span class=\"icon-wrapper circle-yes\"><i class=\"fusion-li-icon fa-check fas\" aria-hidden=\"true\"><\/i><\/span><div class=\"fusion-li-item-content\">\n<p>Gegebenenfalls kommt es zu einem zweiten Vorstellungsgespr\u00e4ch<\/p>\n<\/div><\/li><li class=\"fusion-li-item\" style=\"\"><span class=\"icon-wrapper circle-yes\"><i class=\"fusion-li-icon fa-check fas\" aria-hidden=\"true\"><\/i><\/span><div class=\"fusion-li-item-content\">\n<p>Wurde eine Entscheidung getroffen, werden Sie von uns schnellstm\u00f6glich benachrichtigt<\/p>\n<\/div><\/li><\/ul><div class=\"fusion-sep-clear\"><\/div><div class=\"fusion-separator fusion-full-width-sep\" style=\"margin-left: auto;margin-right: auto;margin-top:5%;width:100%;\"><\/div><div class=\"fusion-sep-clear\"><\/div><div class=\"fusion-text fusion-text-3\"><p>Bitte haben Sie Verst\u00e4ndnis daf\u00fcr, dass wir uns f\u00fcr die Bearbeitung jeder Bewerbung Zeit nehmen.<\/p>\n<\/div><div class=\"fusion-clearfix\"><\/div><\/div><\/div><div class=\"fusion-layout-column fusion_builder_column fusion-builder-column-2 fusion_builder_column_2_5 2_5 fusion-two-fifth fusion-column-last\" style=\"--awb-bg-size:cover;width:37.6%;\"><div class=\"fusion-column-wrapper fusion-flex-column-wrapper-legacy\"><div class=\"fusion-content-boxes content-boxes columns row fusion-columns-1 fusion-columns-total-1 fusion-content-boxes-1 content-boxes-icon-boxed content-left\" style=\"--awb-backgroundcolor:#a0a0a0;--awb-body-color:#00254e;--awb-title-color:#ffffff;--awb-hover-accent-color:#00254e;--awb-circle-hover-accent-color:#00254e;--awb-item-margin-bottom:40px;\" data-animationOffset=\"top-into-view\"><div style=\"--awb-backgroundcolor:#e2e2e2;\" class=\"fusion-column content-box-column content-box-column content-box-column-1 col-lg-12 col-md-12 col-sm-12 fusion-content-box-hover content-box-column-last content-box-column-last-in-row\"><div class=\"col content-box-wrapper content-wrapper-background content-wrapper-boxed link-area-box content-icon-wrapper-yes icon-hover-animation-none\" data-animationOffset=\"top-into-view\"><div class=\"heading heading-with-icon icon-left\"><div class=\"icon\"><span style=\"height:96px;width:96px;line-height:48px;border-color:#e7e7e7;border-width:2px;border-style:solid;background-color:#e7e7e7;position:absolute;top:-98px;margin-left:-48px;box-sizing:content-box;border-radius:50%;\"><i style=\"border-color:#285a95;border-width:0px;background-color:#285a95;box-sizing:content-box;height:96px;width:96px;line-height:96px;border-radius:50%;position:relative;top:auto;left:auto;margin:0;border-radius:50%;font-size:48px;\" aria-hidden=\"true\" class=\"fontawesome-icon fa-info-circle fas circle-yes\"><\/i><\/span><\/div><\/div><div class=\"fusion-clearfix\"><\/div><div class=\"content-container\">\n<h3 style=\"text-align: left;\"><b>Einzureichende Unterlagen f\u00fcr eine Bewerbung<\/b><\/h3>\n<ul style=\"text-align: left;\">\n<li>Anschreiben<\/li>\n<li>Lebenslauf<\/li>\n<li>Arbeitgeberzeugnisse<\/li>\n<li>Ggf. Zertifikate<\/li>\n<li>Nachweis Schulabschluss<\/li>\n<li>Diplom oder Nachweis einer abgeschlossenen Berufsausbildung<\/li>\n<\/ul>\n<p style=\"text-align: left;\">Bitte stellen Sie Ihre Unterlagen nicht per Link zur Verf\u00fcgung. Ihre Anlagen sollten 10 MB nicht \u00fcberschreiten.<\/p>\n<p style=\"text-align: left;\"><span style=\"color: #00254e;\"><b><a style=\"color: #00254e;\" href=\"https:\/\/geyssel.net\/\/karriere-jobs\/offene-stellen\/\">Hier<\/a><\/b><\/span> geht es zu den Stellenangeboten.<\/p>\n<\/div><\/div><\/div><div class=\"fusion-clearfix\"><\/div><\/div><div class=\"fusion-clearfix\"><\/div><\/div><\/div><\/div><\/div><\/p>\n","protected":false},"excerpt":{"rendered":"","protected":false},"author":2,"featured_media":0,"parent":0,"menu_order":0,"comment_status":"closed","ping_status":"closed","template":"100-width.php","meta":{"footnotes":""},"class_list":["post-18097","page","type-page","status-publish","hentry"],"yoast_head":"<!-- This site is optimized with the Yoast SEO plugin v27.4 - https:\/\/yoast.com\/product\/yoast-seo-wordpress\/ -->\n<title>Application process - Fahrtreppen, Fahrsteige und Aufz\u00fcge<\/title>\n<meta name=\"robots\" content=\"index, follow, max-snippet:-1, max-image-preview:large, max-video-preview:-1\" \/>\n<link rel=\"canonical\" href=\"https:\/\/geyssel.net\/en\/application-process\/\" \/>\n<meta property=\"og:locale\" content=\"en_US\" \/>\n<meta property=\"og:type\" content=\"article\" \/>\n<meta property=\"og:title\" content=\"Application process - Fahrtreppen, Fahrsteige und Aufz\u00fcge\" \/>\n<meta property=\"og:url\" content=\"https:\/\/geyssel.net\/en\/application-process\/\" \/>\n<meta property=\"og:site_name\" content=\"Fahrtreppen, Fahrsteige und Aufz\u00fcge\" \/>\n<meta property=\"article:modified_time\" content=\"2023-12-14T16:24:42+00:00\" \/>\n<meta name=\"twitter:card\" content=\"summary_large_image\" \/>\n<meta name=\"twitter:label1\" content=\"Est. reading time\" \/>\n\t<meta name=\"twitter:data1\" content=\"11 minutes\" \/>\n<script type=\"application\/ld+json\" class=\"yoast-schema-graph\">{\"@context\":\"https:\\\/\\\/schema.org\",\"@graph\":[{\"@type\":\"WebPage\",\"@id\":\"https:\\\/\\\/geyssel.net\\\/en\\\/application-process\\\/\",\"url\":\"https:\\\/\\\/geyssel.net\\\/en\\\/application-process\\\/\",\"name\":\"Application process - Fahrtreppen, Fahrsteige und Aufz\u00fcge\",\"isPartOf\":{\"@id\":\"https:\\\/\\\/geyssel.net\\\/en\\\/#website\"},\"datePublished\":\"2023-08-24T13:30:51+00:00\",\"dateModified\":\"2023-12-14T16:24:42+00:00\",\"breadcrumb\":{\"@id\":\"https:\\\/\\\/geyssel.net\\\/en\\\/application-process\\\/#breadcrumb\"},\"inLanguage\":\"en-US\",\"potentialAction\":[{\"@type\":\"ReadAction\",\"target\":[\"https:\\\/\\\/geyssel.net\\\/en\\\/application-process\\\/\"]}]},{\"@type\":\"BreadcrumbList\",\"@id\":\"https:\\\/\\\/geyssel.net\\\/en\\\/application-process\\\/#breadcrumb\",\"itemListElement\":[{\"@type\":\"ListItem\",\"position\":1,\"name\":\"Startseite\",\"item\":\"https:\\\/\\\/geyssel.net\\\/en\\\/\"},{\"@type\":\"ListItem\",\"position\":2,\"name\":\"Application process\"}]},{\"@type\":\"WebSite\",\"@id\":\"https:\\\/\\\/geyssel.net\\\/en\\\/#website\",\"url\":\"https:\\\/\\\/geyssel.net\\\/en\\\/\",\"name\":\"Fahrtreppen, Fahrsteige und Aufz\u00fcge\",\"description\":\"Geyssel\",\"publisher\":{\"@id\":\"https:\\\/\\\/geyssel.net\\\/en\\\/#organization\"},\"potentialAction\":[{\"@type\":\"SearchAction\",\"target\":{\"@type\":\"EntryPoint\",\"urlTemplate\":\"https:\\\/\\\/geyssel.net\\\/en\\\/?s={search_term_string}\"},\"query-input\":{\"@type\":\"PropertyValueSpecification\",\"valueRequired\":true,\"valueName\":\"search_term_string\"}}],\"inLanguage\":\"en-US\"},{\"@type\":\"Organization\",\"@id\":\"https:\\\/\\\/geyssel.net\\\/en\\\/#organization\",\"name\":\"Fahrtreppen, Fahrsteige und Aufz\u00fcge\",\"url\":\"https:\\\/\\\/geyssel.net\\\/en\\\/\",\"logo\":{\"@type\":\"ImageObject\",\"inLanguage\":\"en-US\",\"@id\":\"https:\\\/\\\/geyssel.net\\\/en\\\/#\\\/schema\\\/logo\\\/image\\\/\",\"url\":\"https:\\\/\\\/geyssel.net\\\/wp-content\\\/uploads\\\/2025\\\/03\\\/logo-geyssel-fahrtreppen.png\",\"contentUrl\":\"https:\\\/\\\/geyssel.net\\\/wp-content\\\/uploads\\\/2025\\\/03\\\/logo-geyssel-fahrtreppen.png\",\"width\":505,\"height\":147,\"caption\":\"Fahrtreppen, Fahrsteige und Aufz\u00fcge\"},\"image\":{\"@id\":\"https:\\\/\\\/geyssel.net\\\/en\\\/#\\\/schema\\\/logo\\\/image\\\/\"}}]}<\/script>\n<!-- \/ Yoast SEO plugin. -->","yoast_head_json":{"title":"Application process - Fahrtreppen, Fahrsteige und Aufz\u00fcge","robots":{"index":"index","follow":"follow","max-snippet":"max-snippet:-1","max-image-preview":"max-image-preview:large","max-video-preview":"max-video-preview:-1"},"canonical":"https:\/\/geyssel.net\/en\/application-process\/","og_locale":"en_US","og_type":"article","og_title":"Application process - Fahrtreppen, Fahrsteige und Aufz\u00fcge","og_url":"https:\/\/geyssel.net\/en\/application-process\/","og_site_name":"Fahrtreppen, Fahrsteige und Aufz\u00fcge","article_modified_time":"2023-12-14T16:24:42+00:00","twitter_card":"summary_large_image","twitter_misc":{"Est. reading time":"11 minutes"},"schema":{"@context":"https:\/\/schema.org","@graph":[{"@type":"WebPage","@id":"https:\/\/geyssel.net\/en\/application-process\/","url":"https:\/\/geyssel.net\/en\/application-process\/","name":"Application process - Fahrtreppen, Fahrsteige und Aufz\u00fcge","isPartOf":{"@id":"https:\/\/geyssel.net\/en\/#website"},"datePublished":"2023-08-24T13:30:51+00:00","dateModified":"2023-12-14T16:24:42+00:00","breadcrumb":{"@id":"https:\/\/geyssel.net\/en\/application-process\/#breadcrumb"},"inLanguage":"en-US","potentialAction":[{"@type":"ReadAction","target":["https:\/\/geyssel.net\/en\/application-process\/"]}]},{"@type":"BreadcrumbList","@id":"https:\/\/geyssel.net\/en\/application-process\/#breadcrumb","itemListElement":[{"@type":"ListItem","position":1,"name":"Startseite","item":"https:\/\/geyssel.net\/en\/"},{"@type":"ListItem","position":2,"name":"Application process"}]},{"@type":"WebSite","@id":"https:\/\/geyssel.net\/en\/#website","url":"https:\/\/geyssel.net\/en\/","name":"Fahrtreppen, Fahrsteige und Aufz\u00fcge","description":"Geyssel","publisher":{"@id":"https:\/\/geyssel.net\/en\/#organization"},"potentialAction":[{"@type":"SearchAction","target":{"@type":"EntryPoint","urlTemplate":"https:\/\/geyssel.net\/en\/?s={search_term_string}"},"query-input":{"@type":"PropertyValueSpecification","valueRequired":true,"valueName":"search_term_string"}}],"inLanguage":"en-US"},{"@type":"Organization","@id":"https:\/\/geyssel.net\/en\/#organization","name":"Fahrtreppen, Fahrsteige und Aufz\u00fcge","url":"https:\/\/geyssel.net\/en\/","logo":{"@type":"ImageObject","inLanguage":"en-US","@id":"https:\/\/geyssel.net\/en\/#\/schema\/logo\/image\/","url":"https:\/\/geyssel.net\/wp-content\/uploads\/2025\/03\/logo-geyssel-fahrtreppen.png","contentUrl":"https:\/\/geyssel.net\/wp-content\/uploads\/2025\/03\/logo-geyssel-fahrtreppen.png","width":505,"height":147,"caption":"Fahrtreppen, Fahrsteige und Aufz\u00fcge"},"image":{"@id":"https:\/\/geyssel.net\/en\/#\/schema\/logo\/image\/"}}]}},"_links":{"self":[{"href":"https:\/\/geyssel.net\/en\/wp-json\/wp\/v2\/pages\/18097","targetHints":{"allow":["GET"]}}],"collection":[{"href":"https:\/\/geyssel.net\/en\/wp-json\/wp\/v2\/pages"}],"about":[{"href":"https:\/\/geyssel.net\/en\/wp-json\/wp\/v2\/types\/page"}],"author":[{"embeddable":true,"href":"https:\/\/geyssel.net\/en\/wp-json\/wp\/v2\/users\/2"}],"replies":[{"embeddable":true,"href":"https:\/\/geyssel.net\/en\/wp-json\/wp\/v2\/comments?post=18097"}],"version-history":[{"count":1,"href":"https:\/\/geyssel.net\/en\/wp-json\/wp\/v2\/pages\/18097\/revisions"}],"predecessor-version":[{"id":18105,"href":"https:\/\/geyssel.net\/en\/wp-json\/wp\/v2\/pages\/18097\/revisions\/18105"}],"wp:attachment":[{"href":"https:\/\/geyssel.net\/en\/wp-json\/wp\/v2\/media?parent=18097"}],"curies":[{"name":"wp","href":"https:\/\/api.w.org\/{rel}","templated":true}]}}