{"id":18069,"date":"2023-08-25T09:28:04","date_gmt":"2023-08-25T09:28:04","guid":{"rendered":"https:\/\/geyssel.net\/north-branch\/"},"modified":"2023-12-14T16:24:46","modified_gmt":"2023-12-14T16:24:46","slug":"north-branch","status":"publish","type":"page","link":"https:\/\/geyssel.net\/en\/north-branch\/","title":{"rendered":"North branch"},"content":{"rendered":"<p><div class=\"fusion-fullwidth fullwidth-box fusion-builder-row-1 hundred-percent-fullwidth non-hundred-percent-height-scrolling\" style=\"--awb-background-position:left top;--awb-border-sizes-top:0px;--awb-border-sizes-bottom:0px;--awb-border-sizes-left:0px;--awb-border-color:#e5e4e4;--awb-border-radius-top-left:0px;--awb-border-radius-top-right:0px;--awb-border-radius-bottom-right:0px;--awb-border-radius-bottom-left:0px;--awb-padding-top:0px;--awb-padding-bottom:0px;--awb-padding-left:0px;--awb-margin-bottom:0px;--awb-flex-wrap:wrap;\" ><div class=\"fusion-builder-row fusion-row\"><div class=\"fusion-layout-column fusion_builder_column fusion-builder-column-0 fusion_builder_column_1_1 1_1 fusion-one-full fusion-column-first fusion-column-last\" style=\"--awb-padding-top:0px;--awb-bg-size:cover;--awb-margin-bottom:0px;\"><div class=\"fusion-column-wrapper fusion-column-has-shadow fusion-flex-column-wrapper-legacy\"><iframe src=\"https:\/\/www.google.com\/maps\/embed?pb=!1m18!1m12!1m3!1d2388.503378110653!2d10.283970751647974!3d53.22675229126485!2m3!1f0!2f0!3f0!3m2!1i1024!2i768!4f13.1!3m3!1m2!1s0x47b1c3481181df71%3A0xd77624046e3499aa!2sIndustriestra%C3%9Fe%2018%2C%2021394%20Kirchgellersen!5e0!3m2!1sde!2sde!4v1631002418387!5m2!1sde!2sde\" width=\"100%\"?\ucb31?eight=\"450\" style=\"border:0;\" allowfullscreen=\"\" loading=\"lazy\"><\/iframe><div class=\"fusion-clearfix\"><\/div><\/div><\/div><\/div><\/div><div id=\"niederlassung_nord\" class=\"fusion-container-anchor\"><div class=\"fusion-fullwidth fullwidth-box fusion-builder-row-2 fusion-flex-container nonhundred-percent-fullwidth non-hundred-percent-height-scrolling\" style=\"--awb-background-position:left top;--awb-border-sizes-top:0px;--awb-border-sizes-bottom:0px;--awb-border-sizes-left:0px;--awb-border-radius-top-left:0px;--awb-border-radius-top-right:0px;--awb-border-radius-bottom-right:0px;--awb-border-radius-bottom-left:0px;--awb-padding-top:6%;--awb-padding-bottom:5%;--awb-background-color:#ffffff;--awb-flex-wrap:wrap;\" ><div class=\"fusion-builder-row fusion-row fusion-flex-align-items-flex-start fusion-flex-justify-content-center fusion-flex-content-wrap\" style=\"max-width:1216.8px;margin-left: calc(-4% \/ 2 );margin-right: calc(-4% \/ 2 );\"><div class=\"fusion-layout-column fusion_builder_column fusion-builder-column-1 fusion_builder_column_1_1 1_1 fusion-flex-column mass-intro\" style=\"--awb-bg-blend:overlay;--awb-bg-size:cover;--awb-width-large:100%;--awb-margin-top-large:0px;--awb-spacing-right-large:1.92%;--awb-margin-bottom-large:0px;--awb-spacing-left-large:1.92%;--awb-width-medium:100%;--awb-spacing-right-medium:1.92%;--awb-spacing-left-medium:1.92%;--awb-width-small:100%;--awb-spacing-right-small:1.92%;--awb-spacing-left-small:1.92%;\"><div class=\"fusion-column-wrapper fusion-flex-justify-content-flex-start fusion-content-layout-column\"><div class=\"fusion-text fusion-text-1\"><h2 style=\"text-align: left;\"><strong><span style=\"color: #002a52;\">Niederlassung Nord<\/span><\/strong><\/h2>\n<\/div><div class=\"fusion-separator fusion-full-width-sep\" style=\"align-self: center;margin-left: auto;margin-right: auto;margin-top:10px;margin-bottom:20px;width:100%;\"><\/div><\/div><\/div><div class=\"fusion-layout-column fusion_builder_column fusion-builder-column-2 fusion_builder_column_1_2 1_2 fusion-flex-column mass-intro\" style=\"--awb-bg-blend:overlay;--awb-bg-size:cover;--awb-width-large:50%;--awb-margin-top-large:0px;--awb-spacing-right-large:3.84%;--awb-margin-bottom-large:0px;--awb-spacing-left-large:3.84%;--awb-width-medium:100%;--awb-spacing-right-medium:1.92%;--awb-spacing-left-medium:1.92%;--awb-width-small:100%;--awb-spacing-right-small:1.92%;--awb-spacing-left-small:1.92%;\"><div class=\"fusion-column-wrapper fusion-flex-justify-content-flex-start fusion-content-layout-column\"><div class=\"fusion-text fusion-text-2\" style=\"--awb-font-size:24px;\"><p style=\"text-align: left;\">Hier finden Sie alle wichtigen Kontaktdaten des Geyssel-Teams der <strong>Niederlassung Nord<\/strong> auf einen Blick. Unsere fachkundigen Mitarbeiter haben stets ein offenes Ohr f\u00fcr Ihre gro\u00dfen und kleinen W\u00fcnsche und beraten Sie schnell und kompetent.<\/p>\n<\/div><div class=\"fusion-text fusion-text-3\" style=\"--awb-font-size:24px;\"><p>Geyssel Fahrtreppenservice GmbH<br \/>\nService-Niederlassung Nord<br \/>\nIndustriestra\u00dfe 18 \u2022 21394 Kirchgellersen<\/p>\n<p>Telefon: +49 221 &#8211; 534 39 90<br \/>\nFax: +49 221 &#8211; 534 39 93 0<br \/>\n<span style=\"text-decoration: underline;\"><a href=\"mailto:info@geyssel.net\">info@geyssel.net<\/a><\/span><\/p>\n<\/div><\/div><\/div><div class=\"fusion-layout-column fusion_builder_column fusion-builder-column-3 fusion_builder_column_1_2 1_2 fusion-flex-column mass-intro\" style=\"--awb-bg-blend:overlay;--awb-bg-size:cover;--awb-width-large:50%;--awb-margin-top-large:0px;--awb-spacing-right-large:3.84%;--awb-margin-bottom-large:0px;--awb-spacing-left-large:3.84%;--awb-width-medium:100%;--awb-spacing-right-medium:1.92%;--awb-spacing-left-medium:1.92%;--awb-width-small:100%;--awb-spacing-right-small:1.92%;--awb-spacing-left-small:1.92%;\"><div class=\"fusion-column-wrapper fusion-flex-justify-content-flex-start fusion-content-layout-column\"><div class=\"fusion-image-element \" style=\"--awb-caption-title-font-family:var(--h2_typography-font-family);--awb-caption-title-font-weight:var(--h2_typography-font-weight);--awb-caption-title-font-style:var(--h2_typography-font-style);--awb-caption-title-size:var(--h2_typography-font-size);--awb-caption-title-transform:var(--h2_typography-text-transform);--awb-caption-title-line-height:var(--h2_typography-line-height);--awb-caption-title-letter-spacing:var(--h2_typography-letter-spacing);\"><span class=\" fusion-imageframe imageframe-none imageframe-1 hover-type-none\"><img loading=\"lazy\" decoding=\"async\" width=\"1200\" height=\"817\" title=\"geyssel-niederlassung-nord\" src=\"https:\/\/geyssel.net\/wp-content\/uploads\/2022\/05\/geyssel-niederlassung-nord.jpg\" alt class=\"img-responsive wp-image-17997\" srcset=\"https:\/\/geyssel.net\/wp-content\/uploads\/2022\/05\/geyssel-niederlassung-nord-200x136.jpg 200w, https:\/\/geyssel.net\/wp-content\/uploads\/2022\/05\/geyssel-niederlassung-nord-400x272.jpg 400w, https:\/\/geyssel.net\/wp-content\/uploads\/2022\/05\/geyssel-niederlassung-nord-600x409.jpg 600w, https:\/\/geyssel.net\/wp-content\/uploads\/2022\/05\/geyssel-niederlassung-nord-800x545.jpg 800w, https:\/\/geyssel.net\/wp-content\/uploads\/2022\/05\/geyssel-niederlassung-nord.jpg 1200w\" sizes=\"auto, (max-width: 1024px) 100vw, (max-width: 640px) 100vw, 600px\" \/><\/span><\/div><\/div><\/div><\/div><\/div><\/div><div class=\"fusion-fullwidth fullwidth-box fusion-builder-row-3 nonhundred-percent-fullwidth non-hundred-percent-height-scrolling\" style=\"--awb-background-position:left top;--awb-border-sizes-top:0px;--awb-border-sizes-bottom:0px;--awb-border-sizes-left:0px;--awb-border-radius-top-left:0px;--awb-border-radius-top-right:0px;--awb-border-radius-bottom-right:0px;--awb-border-radius-bottom-left:0px;--awb-padding-bottom:50px;--awb-background-color:#f5f5f5;--awb-flex-wrap:wrap;\" ><div class=\"fusion-builder-row fusion-row\"><div class=\"fusion-layout-column fusion_builder_column fusion-builder-column-4 fusion_builder_column_1_1 1_1 fusion-one-full fusion-column-first fusion-column-last\" style=\"--awb-bg-size:cover;--awb-margin-top:3%;\"><div class=\"fusion-column-wrapper fusion-column-has-shadow fusion-flex-column-wrapper-legacy\"><div class=\"fusion-title title fusion-title-1 fusion-sep-none fusion-title-text fusion-title-size-one\"><h1 class=\"fusion-title-heading title-heading-left fusion-responsive-typography-calculated\" style=\"margin:0;--fontSize:60;line-height:1;\"><h2>Ansprechpartner<\/h2><\/h1><\/div><div class=\"fusion-clearfix\"><\/div><\/div><\/div><div class=\"fusion-layout-column fusion_builder_column fusion-builder-column-5 fusion_builder_column_1_3 1_3 fusion-one-third fusion-column-first\" style=\"--awb-padding-bottom:10px;--awb-bg-color:#ffffff;--awb-bg-color-hover:#ffffff;--awb-bg-size:cover;width:33.333333333333%;width:calc(33.333333333333% - ( ( 30px ) * 0.33333333333333 ) );margin-right: 30px;\"><div class=\"fusion-column-wrapper fusion-column-has-shadow fusion-flex-column-wrapper-legacy\"><div class=\"fusion-sep-clear\"><\/div><div class=\"fusion-separator fusion-full-width-sep\" style=\"margin-left: auto;margin-right: auto;margin-top:30px;width:100%;\"><\/div><div class=\"fusion-sep-clear\"><\/div><div class=\"fusion-text fusion-text-4\" style=\"--awb-font-size:20px;--awb-text-transform:none;\"><p style=\"text-align: center;\"><strong>Tilo Lehmann<br \/>\n<\/strong>Leitung<\/p>\n<\/div><div class=\"fusion-clearfix\"><\/div><\/div><\/div><div class=\"fusion-layout-column fusion_builder_column fusion-builder-column-6 fusion_builder_column_1_3 1_3 fusion-one-third fusion-column-last\" style=\"--awb-padding-bottom:10px;--awb-bg-color:#ffffff;--awb-bg-color-hover:#ffffff;--awb-bg-size:cover;width:33.333333333333%;width:calc(33.333333333333% - ( ( 30px ) * 0.33333333333333 ) );\"><div class=\"fusion-column-wrapper fusion-column-has-shadow fusion-flex-column-wrapper-legacy\"><div class=\"fusion-sep-clear\"><\/div><div class=\"fusion-separator fusion-full-width-sep\" style=\"margin-left: auto;margin-right: auto;margin-top:30px;width:100%;\"><\/div><div class=\"fusion-sep-clear\"><\/div><div class=\"fusion-text fusion-text-5\" style=\"--awb-font-size:20px;--awb-text-transform:none;\"><p style=\"text-align: center;\"><strong>Leandra Golks<br \/>\n<\/strong>Vertrieb<\/p>\n<\/div><div class=\"fusion-clearfix\"><\/div><\/div><\/div><\/div><\/div><\/p>\n","protected":false},"excerpt":{"rendered":"","protected":false},"author":2,"featured_media":17960,"parent":0,"menu_order":0,"comment_status":"closed","ping_status":"closed","template":"100-width.php","meta":{"footnotes":""},"class_list":["post-18069","page","type-page","status-publish","has-post-thumbnail","hentry"],"yoast_head":"<!-- This site is optimized with the Yoast SEO plugin v27.4 - https:\/\/yoast.com\/product\/yoast-seo-wordpress\/ -->\n<title>North branch - Fahrtreppen, Fahrsteige und Aufz\u00fcge<\/title>\n<meta name=\"robots\" content=\"index, follow, max-snippet:-1, max-image-preview:large, max-video-preview:-1\" \/>\n<link rel=\"canonical\" href=\"https:\/\/geyssel.net\/en\/north-branch\/\" \/>\n<meta property=\"og:locale\" content=\"en_US\" \/>\n<meta property=\"og:type\" content=\"article\" \/>\n<meta property=\"og:title\" content=\"North branch - Fahrtreppen, Fahrsteige und Aufz\u00fcge\" \/>\n<meta property=\"og:url\" content=\"https:\/\/geyssel.net\/en\/north-branch\/\" \/>\n<meta property=\"og:site_name\" content=\"Fahrtreppen, Fahrsteige und Aufz\u00fcge\" \/>\n<meta property=\"article:modified_time\" content=\"2023-12-14T16:24:46+00:00\" \/>\n<meta property=\"og:image\" content=\"https:\/\/geyssel.net\/wp-content\/uploads\/2022\/05\/reparatur-geyssel-verladetechnik.jpg\" \/>\n\t<meta property=\"og:image:width\" content=\"1006\" \/>\n\t<meta property=\"og:image:height\" content=\"496\" \/>\n\t<meta property=\"og:image:type\" content=\"image\/jpeg\" \/>\n<meta name=\"twitter:card\" content=\"summary_large_image\" \/>\n<meta name=\"twitter:label1\" content=\"Est. reading time\" \/>\n\t<meta name=\"twitter:data1\" content=\"11 minutes\" \/>\n<script type=\"application\/ld+json\" class=\"yoast-schema-graph\">{\"@context\":\"https:\\\/\\\/schema.org\",\"@graph\":[{\"@type\":\"WebPage\",\"@id\":\"https:\\\/\\\/geyssel.net\\\/en\\\/north-branch\\\/\",\"url\":\"https:\\\/\\\/geyssel.net\\\/en\\\/north-branch\\\/\",\"name\":\"North branch - Fahrtreppen, Fahrsteige und Aufz\u00fcge\",\"isPartOf\":{\"@id\":\"https:\\\/\\\/geyssel.net\\\/en\\\/#website\"},\"primaryImageOfPage\":{\"@id\":\"https:\\\/\\\/geyssel.net\\\/en\\\/north-branch\\\/#primaryimage\"},\"image\":{\"@id\":\"https:\\\/\\\/geyssel.net\\\/en\\\/north-branch\\\/#primaryimage\"},\"thumbnailUrl\":\"https:\\\/\\\/geyssel.net\\\/wp-content\\\/uploads\\\/2022\\\/05\\\/reparatur-geyssel-verladetechnik.jpg\",\"datePublished\":\"2023-08-25T09:28:04+00:00\",\"dateModified\":\"2023-12-14T16:24:46+00:00\",\"breadcrumb\":{\"@id\":\"https:\\\/\\\/geyssel.net\\\/en\\\/north-branch\\\/#breadcrumb\"},\"inLanguage\":\"en-US\",\"potentialAction\":[{\"@type\":\"ReadAction\",\"target\":[\"https:\\\/\\\/geyssel.net\\\/en\\\/north-branch\\\/\"]}]},{\"@type\":\"ImageObject\",\"inLanguage\":\"en-US\",\"@id\":\"https:\\\/\\\/geyssel.net\\\/en\\\/north-branch\\\/#primaryimage\",\"url\":\"https:\\\/\\\/geyssel.net\\\/wp-content\\\/uploads\\\/2022\\\/05\\\/reparatur-geyssel-verladetechnik.jpg\",\"contentUrl\":\"https:\\\/\\\/geyssel.net\\\/wp-content\\\/uploads\\\/2022\\\/05\\\/reparatur-geyssel-verladetechnik.jpg\",\"width\":1006,\"height\":496,\"caption\":\"Fahrtreppen, Fahrsteige & Aufz\u00fcge von Geyssel\"},{\"@type\":\"BreadcrumbList\",\"@id\":\"https:\\\/\\\/geyssel.net\\\/en\\\/north-branch\\\/#breadcrumb\",\"itemListElement\":[{\"@type\":\"ListItem\",\"position\":1,\"name\":\"Startseite\",\"item\":\"https:\\\/\\\/geyssel.net\\\/en\\\/\"},{\"@type\":\"ListItem\",\"position\":2,\"name\":\"North branch\"}]},{\"@type\":\"WebSite\",\"@id\":\"https:\\\/\\\/geyssel.net\\\/en\\\/#website\",\"url\":\"https:\\\/\\\/geyssel.net\\\/en\\\/\",\"name\":\"Fahrtreppen, Fahrsteige und Aufz\u00fcge\",\"description\":\"Geyssel\",\"publisher\":{\"@id\":\"https:\\\/\\\/geyssel.net\\\/en\\\/#organization\"},\"potentialAction\":[{\"@type\":\"SearchAction\",\"target\":{\"@type\":\"EntryPoint\",\"urlTemplate\":\"https:\\\/\\\/geyssel.net\\\/en\\\/?s={search_term_string}\"},\"query-input\":{\"@type\":\"PropertyValueSpecification\",\"valueRequired\":true,\"valueName\":\"search_term_string\"}}],\"inLanguage\":\"en-US\"},{\"@type\":\"Organization\",\"@id\":\"https:\\\/\\\/geyssel.net\\\/en\\\/#organization\",\"name\":\"Fahrtreppen, Fahrsteige und Aufz\u00fcge\",\"url\":\"https:\\\/\\\/geyssel.net\\\/en\\\/\",\"logo\":{\"@type\":\"ImageObject\",\"inLanguage\":\"en-US\",\"@id\":\"https:\\\/\\\/geyssel.net\\\/en\\\/#\\\/schema\\\/logo\\\/image\\\/\",\"url\":\"https:\\\/\\\/geyssel.net\\\/wp-content\\\/uploads\\\/2025\\\/03\\\/logo-geyssel-fahrtreppen.png\",\"contentUrl\":\"https:\\\/\\\/geyssel.net\\\/wp-content\\\/uploads\\\/2025\\\/03\\\/logo-geyssel-fahrtreppen.png\",\"width\":505,\"height\":147,\"caption\":\"Fahrtreppen, Fahrsteige und Aufz\u00fcge\"},\"image\":{\"@id\":\"https:\\\/\\\/geyssel.net\\\/en\\\/#\\\/schema\\\/logo\\\/image\\\/\"}}]}<\/script>\n<!-- \/ Yoast SEO plugin. -->","yoast_head_json":{"title":"North branch - Fahrtreppen, Fahrsteige und Aufz\u00fcge","robots":{"index":"index","follow":"follow","max-snippet":"max-snippet:-1","max-image-preview":"max-image-preview:large","max-video-preview":"max-video-preview:-1"},"canonical":"https:\/\/geyssel.net\/en\/north-branch\/","og_locale":"en_US","og_type":"article","og_title":"North branch - Fahrtreppen, Fahrsteige und Aufz\u00fcge","og_url":"https:\/\/geyssel.net\/en\/north-branch\/","og_site_name":"Fahrtreppen, Fahrsteige und Aufz\u00fcge","article_modified_time":"2023-12-14T16:24:46+00:00","og_image":[{"width":1006,"height":496,"url":"https:\/\/geyssel.net\/wp-content\/uploads\/2022\/05\/reparatur-geyssel-verladetechnik.jpg","type":"image\/jpeg"}],"twitter_card":"summary_large_image","twitter_misc":{"Est. reading time":"11 minutes"},"schema":{"@context":"https:\/\/schema.org","@graph":[{"@type":"WebPage","@id":"https:\/\/geyssel.net\/en\/north-branch\/","url":"https:\/\/geyssel.net\/en\/north-branch\/","name":"North branch - Fahrtreppen, Fahrsteige und Aufz\u00fcge","isPartOf":{"@id":"https:\/\/geyssel.net\/en\/#website"},"primaryImageOfPage":{"@id":"https:\/\/geyssel.net\/en\/north-branch\/#primaryimage"},"image":{"@id":"https:\/\/geyssel.net\/en\/north-branch\/#primaryimage"},"thumbnailUrl":"https:\/\/geyssel.net\/wp-content\/uploads\/2022\/05\/reparatur-geyssel-verladetechnik.jpg","datePublished":"2023-08-25T09:28:04+00:00","dateModified":"2023-12-14T16:24:46+00:00","breadcrumb":{"@id":"https:\/\/geyssel.net\/en\/north-branch\/#breadcrumb"},"inLanguage":"en-US","potentialAction":[{"@type":"ReadAction","target":["https:\/\/geyssel.net\/en\/north-branch\/"]}]},{"@type":"ImageObject","inLanguage":"en-US","@id":"https:\/\/geyssel.net\/en\/north-branch\/#primaryimage","url":"https:\/\/geyssel.net\/wp-content\/uploads\/2022\/05\/reparatur-geyssel-verladetechnik.jpg","contentUrl":"https:\/\/geyssel.net\/wp-content\/uploads\/2022\/05\/reparatur-geyssel-verladetechnik.jpg","width":1006,"height":496,"caption":"Fahrtreppen, Fahrsteige & Aufz\u00fcge von Geyssel"},{"@type":"BreadcrumbList","@id":"https:\/\/geyssel.net\/en\/north-branch\/#breadcrumb","itemListElement":[{"@type":"ListItem","position":1,"name":"Startseite","item":"https:\/\/geyssel.net\/en\/"},{"@type":"ListItem","position":2,"name":"North branch"}]},{"@type":"WebSite","@id":"https:\/\/geyssel.net\/en\/#website","url":"https:\/\/geyssel.net\/en\/","name":"Fahrtreppen, Fahrsteige und Aufz\u00fcge","description":"Geyssel","publisher":{"@id":"https:\/\/geyssel.net\/en\/#organization"},"potentialAction":[{"@type":"SearchAction","target":{"@type":"EntryPoint","urlTemplate":"https:\/\/geyssel.net\/en\/?s={search_term_string}"},"query-input":{"@type":"PropertyValueSpecification","valueRequired":true,"valueName":"search_term_string"}}],"inLanguage":"en-US"},{"@type":"Organization","@id":"https:\/\/geyssel.net\/en\/#organization","name":"Fahrtreppen, Fahrsteige und Aufz\u00fcge","url":"https:\/\/geyssel.net\/en\/","logo":{"@type":"ImageObject","inLanguage":"en-US","@id":"https:\/\/geyssel.net\/en\/#\/schema\/logo\/image\/","url":"https:\/\/geyssel.net\/wp-content\/uploads\/2025\/03\/logo-geyssel-fahrtreppen.png","contentUrl":"https:\/\/geyssel.net\/wp-content\/uploads\/2025\/03\/logo-geyssel-fahrtreppen.png","width":505,"height":147,"caption":"Fahrtreppen, Fahrsteige und Aufz\u00fcge"},"image":{"@id":"https:\/\/geyssel.net\/en\/#\/schema\/logo\/image\/"}}]}},"_links":{"self":[{"href":"https:\/\/geyssel.net\/en\/wp-json\/wp\/v2\/pages\/18069","targetHints":{"allow":["GET"]}}],"collection":[{"href":"https:\/\/geyssel.net\/en\/wp-json\/wp\/v2\/pages"}],"about":[{"href":"https:\/\/geyssel.net\/en\/wp-json\/wp\/v2\/types\/page"}],"author":[{"embeddable":true,"href":"https:\/\/geyssel.net\/en\/wp-json\/wp\/v2\/users\/2"}],"replies":[{"embeddable":true,"href":"https:\/\/geyssel.net\/en\/wp-json\/wp\/v2\/comments?post=18069"}],"version-history":[{"count":3,"href":"https:\/\/geyssel.net\/en\/wp-json\/wp\/v2\/pages\/18069\/revisions"}],"predecessor-version":[{"id":18116,"href":"https:\/\/geyssel.net\/en\/wp-json\/wp\/v2\/pages\/18069\/revisions\/18116"}],"wp:featuredmedia":[{"embeddable":true,"href":"https:\/\/geyssel.net\/en\/wp-json\/wp\/v2\/media\/17960"}],"wp:attachment":[{"href":"https:\/\/geyssel.net\/en\/wp-json\/wp\/v2\/media?parent=18069"}],"curies":[{"name":"wp","href":"https:\/\/api.w.org\/{rel}","templated":true}]}}