{"id":19267,"date":"2023-01-04T15:00:28","date_gmt":"2023-01-04T15:00:28","guid":{"rendered":"https:\/\/geyssel.net\/nachhaltigkeit\/"},"modified":"2023-01-04T15:00:28","modified_gmt":"2023-01-04T14:00:28","slug":"nachhaltigkeit","status":"publish","type":"page","link":"https:\/\/geyssel.net\/at\/nachhaltigkeit\/","title":{"rendered":"Nachhaltigkeit"},"content":{"rendered":"<p><div class=\"fusion-fullwidth fullwidth-box fusion-builder-row-1 fusion-flex-container has-pattern-background has-mask-background fusion-parallax-none nonhundred-percent-fullwidth non-hundred-percent-height-scrolling fusion-no-small-visibility\" style=\"--awb-background-position:right top;--awb-border-sizes-top:0px;--awb-border-sizes-bottom:0px;--awb-border-sizes-left:0px;--awb-border-radius-top-left:0px;--awb-border-radius-top-right:0px;--awb-border-radius-bottom-right:0px;--awb-border-radius-bottom-left:0px;--awb-margin-bottom:0px;--awb-background-color:rgba(235,237,238,0);--awb-background-image:url(&quot;https:\/\/geyssel.net\/\/wp-content\/uploads\/2019\/07\/fahrstuhl-geyssel-umwelt.jpg&quot;);--awb-background-size:cover;--awb-flex-wrap:wrap;\" ><div class=\"fusion-builder-row fusion-row fusion-flex-align-items-flex-start fusion-flex-content-wrap\" style=\"max-width:1216.8px;margin-left: calc(-4% \/ 2 );margin-right: calc(-4% \/ 2 );\"><div class=\"fusion-layout-column fusion_builder_column fusion-builder-column-0 fusion_builder_column_2_5 2_5 fusion-flex-column\" style=\"--awb-padding-top:170px;--awb-padding-bottom:170px;--awb-bg-color:rgba(29,74,137,0.8);--awb-bg-color-hover:rgba(29,74,137,0.8);--awb-bg-size:cover;--awb-width-large:40%;--awb-margin-top-large:0px;--awb-spacing-right-large:4.8%;--awb-margin-bottom-large:0px;--awb-spacing-left-large:4.8%;--awb-width-medium:100%;--awb-order-medium:0;--awb-spacing-right-medium:1.92%;--awb-spacing-left-medium:1.92%;--awb-width-small:100%;--awb-order-small:0;--awb-spacing-right-small:1.92%;--awb-spacing-left-small:1.92%;\" data-motion-effects=\"[{&quot;type&quot;:&quot;&quot;,&quot;scroll_type&quot;:&quot;transition&quot;,&quot;scroll_direction&quot;:&quot;up&quot;,&quot;transition_speed&quot;:&quot;1&quot;,&quot;fade_type&quot;:&quot;in&quot;,&quot;scale_type&quot;:&quot;up&quot;,&quot;initial_scale&quot;:&quot;1&quot;,&quot;max_scale&quot;:&quot;1.5&quot;,&quot;min_scale&quot;:&quot;0.5&quot;,&quot;initial_rotate&quot;:&quot;0&quot;,&quot;end_rotate&quot;:&quot;30&quot;,&quot;initial_blur&quot;:&quot;0&quot;,&quot;end_blur&quot;:&quot;3&quot;,&quot;start_element&quot;:&quot;top&quot;,&quot;start_viewport&quot;:&quot;bottom&quot;,&quot;end_element&quot;:&quot;bottom&quot;,&quot;end_viewport&quot;:&quot;top&quot;,&quot;mouse_effect&quot;:&quot;track&quot;,&quot;mouse_effect_direction&quot;:&quot;opposite&quot;,&quot;mouse_effect_speed&quot;:&quot;2&quot;,&quot;infinite_animation&quot;:&quot;float&quot;,&quot;infinite_animation_speed&quot;:&quot;2&quot;}]\" data-scroll-devices=\"small-visibility,medium-visibility,large-visibility\"><div class=\"fusion-column-wrapper fusion-column-has-shadow fusion-flex-justify-content-flex-start fusion-content-layout-column\"><div class=\"fusion-text fusion-text-1\" style=\"--awb-content-alignment:center;--awb-text-transform:none;--awb-text-color:#ffffff;\"><h1 style=\"text-align: center;\"><span style=\"color: #ffffff;\"><span style=\"font-size: 60px;\">Nachhaltigkeit<\/span><\/span><\/h1>\n<\/div><\/div><\/div><\/div><\/div><div class=\"fusion-fullwidth fullwidth-box fusion-builder-row-2 nonhundred-percent-fullwidth non-hundred-percent-height-scrolling\" style=\"--awb-background-position:left top;--awb-border-sizes-top:0px;--awb-border-sizes-bottom:0px;--awb-border-sizes-left:0px;--awb-border-radius-top-left:0px;--awb-border-radius-top-right:0px;--awb-border-radius-bottom-right:0px;--awb-border-radius-bottom-left:0px;--awb-padding-top:140px;--awb-padding-bottom:140px;--awb-flex-wrap:wrap;\" ><div class=\"fusion-builder-row fusion-row\"><div class=\"fusion-layout-column fusion_builder_column fusion-builder-column-1 fusion_builder_column_1_1 1_1 fusion-one-full fusion-column-first fusion-column-last\" style=\"--awb-bg-size:cover;\"><div class=\"fusion-column-wrapper fusion-flex-column-wrapper-legacy\"><div class=\"fusion-text fusion-text-2\"><h2><strong>Nachhaltige Entwicklung trifft auf<br \/>\nunternehmerische Gesellschaftsverantwortung.<\/strong><\/h2>\n<\/div><div class=\"fusion-clearfix\"><\/div><\/div><\/div><div class=\"fusion-layout-column fusion_builder_column fusion-builder-column-2 fusion_builder_column_1_2 1_2 fusion-one-half fusion-column-first\" style=\"--awb-bg-size:cover;width:48%; margin-right: 4%;\"><div class=\"fusion-column-wrapper fusion-flex-column-wrapper-legacy\"><div class=\"fusion-text fusion-text-3\"><p>Nachhaltigkeit und unternehmerische Gesellschaftsverantwortung sind Bestandteil unserer Firmenphilosophie und bestimmt unsere t\u00e4gliche Arbeitsweise. Dies hilft uns, die Bed\u00fcrfnisse der Gesellschaft, der Umwelt und unseres Unternehmens zu ber\u00fccksichtigen.<\/p>\n<p>Au\u00dferdem stellen wir so sicher, dass jeder Mitarbeiter einen bewussten Beitrag zur Gestaltung einer nachhaltigeren Zukunft f\u00fcr sp\u00e4tere Generationen leistet.<\/p>\n<p>Falls Sie mehr \u00fcber unser Konzept und unsere Leistungen im Bereich unternehmerische Gesellschaftsverantwortung und Nachhaltigkeit erfahren m\u00f6chten, k\u00f6nnen Sie uns gerne unter <a href=\"mailto:info@geyssel.net\">info@geyssel.net<\/a> kontaktieren.<\/p>\n<\/div><div class=\"fusion-clearfix\"><\/div><\/div><\/div><div class=\"fusion-layout-column fusion_builder_column fusion-builder-column-3 fusion_builder_column_1_2 1_2 fusion-one-half fusion-column-last\" style=\"--awb-bg-size:cover;width:48%;\"><div class=\"fusion-column-wrapper fusion-flex-column-wrapper-legacy\"><div class=\"fusion-text fusion-text-4\"><p><span style=\"font-size: 18pt;\"><strong>Die Facetten der Nachhaltigkeit bei Geyssel<\/strong><\/span><\/p>\n<\/div><ul style=\"--awb-size:20px;--awb-textcolor:#285a95;--awb-line-height:34px;--awb-icon-width:34px;--awb-icon-height:34px;--awb-icon-margin:14px;--awb-content-margin:48px;--awb-circlecolor:#285a95;--awb-circle-yes-font-size:17.6px;\" class=\"fusion-checklist fusion-checklist-1 fusion-checklist-default fusion-checklist-divider type-icons\"><li class=\"fusion-li-item\" style=\"\"><span class=\"icon-wrapper circle-yes\"><i class=\"fusion-li-icon fa-check fas\" aria-hidden=\"true\"><\/i><\/span><div class=\"fusion-li-item-content\">Umweltbewusste Produkte und Leistungen<\/div><\/li><li class=\"fusion-li-item\" style=\"\"><span class=\"icon-wrapper circle-yes\"><i class=\"fusion-li-icon fa-check fas\" aria-hidden=\"true\"><\/i><\/span><div class=\"fusion-li-item-content\">Energiesparende operative Ma\u00dfnahmen<\/div><\/li><li class=\"fusion-li-item\" style=\"\"><span class=\"icon-wrapper circle-yes\"><i class=\"fusion-li-icon fa-check fas\" aria-hidden=\"true\"><\/i><\/span><div class=\"fusion-li-item-content\">\n<p>Zukunftsorientierte Mitarbeiterschulungen<\/p>\n<\/div><\/li><li class=\"fusion-li-item\" style=\"\"><span class=\"icon-wrapper circle-yes\"><i class=\"fusion-li-icon fa-check fas\" aria-hidden=\"true\"><\/i><\/span><div class=\"fusion-li-item-content\">\n<p>Starkes gemeinn\u00fctziges Engagement<\/p>\n<\/div><\/li><li class=\"fusion-li-item\" style=\"\"><span class=\"icon-wrapper circle-yes\"><i class=\"fusion-li-icon fa-check fas\" aria-hidden=\"true\"><\/i><\/span><div class=\"fusion-li-item-content\">\n<p>Kontinuierliche Verbesserungsprozesse und -pr\u00fcfungen<\/p>\n<\/div><\/li><\/ul><div class=\"fusion-clearfix\"><\/div><\/div><\/div><\/div><\/div><\/p>\n","protected":false},"excerpt":{"rendered":"","protected":false},"author":2,"featured_media":19268,"parent":0,"menu_order":0,"comment_status":"closed","ping_status":"closed","template":"100-width.php","meta":{"footnotes":""},"class_list":["post-19267","page","type-page","status-publish","has-post-thumbnail","hentry"],"yoast_head":"<!-- This site is optimized with the Yoast SEO plugin v27.4 - https:\/\/yoast.com\/product\/yoast-seo-wordpress\/ -->\n<title>Nachhaltige Fahrtreppen, Fahrsteige &amp; Aufz\u00fcge \u2013 Geyssel K\u00f6ln<\/title>\n<meta name=\"description\" content=\"Wir leben Fahrtreppen, Fahrsteige &amp; Aufz\u00fcge. Unsere Produkte zeichnen sich durch Qualit\u00e4t, Langlebigkeit und Nachhaltigkeit aus.\" \/>\n<meta name=\"robots\" content=\"index, follow, max-snippet:-1, max-image-preview:large, max-video-preview:-1\" \/>\n<link rel=\"canonical\" href=\"https:\/\/geyssel.net\/at\/nachhaltigkeit\/\" \/>\n<meta property=\"og:locale\" content=\"en_US\" \/>\n<meta property=\"og:type\" content=\"article\" \/>\n<meta property=\"og:title\" content=\"Nachhaltige Fahrtreppen, Fahrsteige &amp; Aufz\u00fcge \u2013 Geyssel K\u00f6ln\" \/>\n<meta property=\"og:description\" content=\"Wir leben Fahrtreppen, Fahrsteige &amp; Aufz\u00fcge. Unsere Produkte zeichnen sich durch Qualit\u00e4t, Langlebigkeit und Nachhaltigkeit aus.\" \/>\n<meta property=\"og:url\" content=\"https:\/\/geyssel.net\/at\/nachhaltigkeit\/\" \/>\n<meta property=\"og:site_name\" content=\"Fahrtreppen, Fahrsteige und Aufz\u00fcge\" \/>\n<meta property=\"og:image\" content=\"https:\/\/geyssel.net\/wp-content\/uploads\/2019\/07\/fahrstuhl-geyssel-umwelt.jpg\" \/>\n\t<meta property=\"og:image:width\" content=\"2000\" \/>\n\t<meta property=\"og:image:height\" content=\"712\" \/>\n\t<meta property=\"og:image:type\" content=\"image\/jpeg\" \/>\n<meta name=\"twitter:card\" content=\"summary_large_image\" \/>\n<meta name=\"twitter:label1\" content=\"Est. reading time\" \/>\n\t<meta name=\"twitter:data1\" content=\"11 minutes\" \/>\n<script type=\"application\/ld+json\" class=\"yoast-schema-graph\">{\"@context\":\"https:\\\/\\\/schema.org\",\"@graph\":[{\"@type\":\"WebPage\",\"@id\":\"https:\\\/\\\/geyssel.net\\\/at\\\/nachhaltigkeit\\\/\",\"url\":\"https:\\\/\\\/geyssel.net\\\/at\\\/nachhaltigkeit\\\/\",\"name\":\"Nachhaltige Fahrtreppen, Fahrsteige & Aufz\u00fcge \u2013 Geyssel K\u00f6ln\",\"isPartOf\":{\"@id\":\"https:\\\/\\\/geyssel.net\\\/at\\\/#website\"},\"primaryImageOfPage\":{\"@id\":\"https:\\\/\\\/geyssel.net\\\/at\\\/nachhaltigkeit\\\/#primaryimage\"},\"image\":{\"@id\":\"https:\\\/\\\/geyssel.net\\\/at\\\/nachhaltigkeit\\\/#primaryimage\"},\"thumbnailUrl\":\"https:\\\/\\\/geyssel.net\\\/wp-content\\\/uploads\\\/2019\\\/07\\\/fahrstuhl-geyssel-umwelt.jpg\",\"datePublished\":\"2023-01-04T15:00:28+00:00\",\"description\":\"Wir leben Fahrtreppen, Fahrsteige & Aufz\u00fcge. Unsere Produkte zeichnen sich durch Qualit\u00e4t, Langlebigkeit und Nachhaltigkeit aus.\",\"breadcrumb\":{\"@id\":\"https:\\\/\\\/geyssel.net\\\/at\\\/nachhaltigkeit\\\/#breadcrumb\"},\"inLanguage\":\"at-AT\",\"potentialAction\":[{\"@type\":\"ReadAction\",\"target\":[\"https:\\\/\\\/geyssel.net\\\/at\\\/nachhaltigkeit\\\/\"]}]},{\"@type\":\"ImageObject\",\"inLanguage\":\"at-AT\",\"@id\":\"https:\\\/\\\/geyssel.net\\\/at\\\/nachhaltigkeit\\\/#primaryimage\",\"url\":\"https:\\\/\\\/geyssel.net\\\/wp-content\\\/uploads\\\/2019\\\/07\\\/fahrstuhl-geyssel-umwelt.jpg\",\"contentUrl\":\"https:\\\/\\\/geyssel.net\\\/wp-content\\\/uploads\\\/2019\\\/07\\\/fahrstuhl-geyssel-umwelt.jpg\",\"width\":2000,\"height\":712,\"caption\":\"Nachhaltige Fahrtreppen, Fahrsteige & Aufz\u00fcge von Geyssel\"},{\"@type\":\"BreadcrumbList\",\"@id\":\"https:\\\/\\\/geyssel.net\\\/at\\\/nachhaltigkeit\\\/#breadcrumb\",\"itemListElement\":[{\"@type\":\"ListItem\",\"position\":1,\"name\":\"Startseite\",\"item\":\"https:\\\/\\\/geyssel.net\\\/at\\\/\"},{\"@type\":\"ListItem\",\"position\":2,\"name\":\"Nachhaltigkeit\"}]},{\"@type\":\"WebSite\",\"@id\":\"https:\\\/\\\/geyssel.net\\\/at\\\/#website\",\"url\":\"https:\\\/\\\/geyssel.net\\\/at\\\/\",\"name\":\"Fahrtreppen, Fahrsteige und Aufz\u00fcge\",\"description\":\"Geyssel\",\"publisher\":{\"@id\":\"https:\\\/\\\/geyssel.net\\\/at\\\/#organization\"},\"potentialAction\":[{\"@type\":\"SearchAction\",\"target\":{\"@type\":\"EntryPoint\",\"urlTemplate\":\"https:\\\/\\\/geyssel.net\\\/at\\\/?s={search_term_string}\"},\"query-input\":{\"@type\":\"PropertyValueSpecification\",\"valueRequired\":true,\"valueName\":\"search_term_string\"}}],\"inLanguage\":\"at-AT\"},{\"@type\":\"Organization\",\"@id\":\"https:\\\/\\\/geyssel.net\\\/at\\\/#organization\",\"name\":\"Fahrtreppen, Fahrsteige und Aufz\u00fcge\",\"url\":\"https:\\\/\\\/geyssel.net\\\/at\\\/\",\"logo\":{\"@type\":\"ImageObject\",\"inLanguage\":\"at-AT\",\"@id\":\"https:\\\/\\\/geyssel.net\\\/at\\\/#\\\/schema\\\/logo\\\/image\\\/\",\"url\":\"https:\\\/\\\/geyssel.net\\\/wp-content\\\/uploads\\\/2025\\\/03\\\/logo-geyssel-fahrtreppen.png\",\"contentUrl\":\"https:\\\/\\\/geyssel.net\\\/wp-content\\\/uploads\\\/2025\\\/03\\\/logo-geyssel-fahrtreppen.png\",\"width\":505,\"height\":147,\"caption\":\"Fahrtreppen, Fahrsteige und Aufz\u00fcge\"},\"image\":{\"@id\":\"https:\\\/\\\/geyssel.net\\\/at\\\/#\\\/schema\\\/logo\\\/image\\\/\"}}]}<\/script>\n<!-- \/ Yoast SEO plugin. -->","yoast_head_json":{"title":"Nachhaltige Fahrtreppen, Fahrsteige & Aufz\u00fcge \u2013 Geyssel K\u00f6ln","description":"Wir leben Fahrtreppen, Fahrsteige & Aufz\u00fcge. Unsere Produkte zeichnen sich durch Qualit\u00e4t, Langlebigkeit und Nachhaltigkeit aus.","robots":{"index":"index","follow":"follow","max-snippet":"max-snippet:-1","max-image-preview":"max-image-preview:large","max-video-preview":"max-video-preview:-1"},"canonical":"https:\/\/geyssel.net\/at\/nachhaltigkeit\/","og_locale":"en_US","og_type":"article","og_title":"Nachhaltige Fahrtreppen, Fahrsteige & Aufz\u00fcge \u2013 Geyssel K\u00f6ln","og_description":"Wir leben Fahrtreppen, Fahrsteige & Aufz\u00fcge. Unsere Produkte zeichnen sich durch Qualit\u00e4t, Langlebigkeit und Nachhaltigkeit aus.","og_url":"https:\/\/geyssel.net\/at\/nachhaltigkeit\/","og_site_name":"Fahrtreppen, Fahrsteige und Aufz\u00fcge","og_image":[{"width":2000,"height":712,"url":"https:\/\/geyssel.net\/wp-content\/uploads\/2019\/07\/fahrstuhl-geyssel-umwelt.jpg","type":"image\/jpeg"}],"twitter_card":"summary_large_image","twitter_misc":{"Est. reading time":"11 minutes"},"schema":{"@context":"https:\/\/schema.org","@graph":[{"@type":"WebPage","@id":"https:\/\/geyssel.net\/at\/nachhaltigkeit\/","url":"https:\/\/geyssel.net\/at\/nachhaltigkeit\/","name":"Nachhaltige Fahrtreppen, Fahrsteige & Aufz\u00fcge \u2013 Geyssel K\u00f6ln","isPartOf":{"@id":"https:\/\/geyssel.net\/at\/#website"},"primaryImageOfPage":{"@id":"https:\/\/geyssel.net\/at\/nachhaltigkeit\/#primaryimage"},"image":{"@id":"https:\/\/geyssel.net\/at\/nachhaltigkeit\/#primaryimage"},"thumbnailUrl":"https:\/\/geyssel.net\/wp-content\/uploads\/2019\/07\/fahrstuhl-geyssel-umwelt.jpg","datePublished":"2023-01-04T15:00:28+00:00","description":"Wir leben Fahrtreppen, Fahrsteige & Aufz\u00fcge. Unsere Produkte zeichnen sich durch Qualit\u00e4t, Langlebigkeit und Nachhaltigkeit aus.","breadcrumb":{"@id":"https:\/\/geyssel.net\/at\/nachhaltigkeit\/#breadcrumb"},"inLanguage":"at-AT","potentialAction":[{"@type":"ReadAction","target":["https:\/\/geyssel.net\/at\/nachhaltigkeit\/"]}]},{"@type":"ImageObject","inLanguage":"at-AT","@id":"https:\/\/geyssel.net\/at\/nachhaltigkeit\/#primaryimage","url":"https:\/\/geyssel.net\/wp-content\/uploads\/2019\/07\/fahrstuhl-geyssel-umwelt.jpg","contentUrl":"https:\/\/geyssel.net\/wp-content\/uploads\/2019\/07\/fahrstuhl-geyssel-umwelt.jpg","width":2000,"height":712,"caption":"Nachhaltige Fahrtreppen, Fahrsteige & Aufz\u00fcge von Geyssel"},{"@type":"BreadcrumbList","@id":"https:\/\/geyssel.net\/at\/nachhaltigkeit\/#breadcrumb","itemListElement":[{"@type":"ListItem","position":1,"name":"Startseite","item":"https:\/\/geyssel.net\/at\/"},{"@type":"ListItem","position":2,"name":"Nachhaltigkeit"}]},{"@type":"WebSite","@id":"https:\/\/geyssel.net\/at\/#website","url":"https:\/\/geyssel.net\/at\/","name":"Fahrtreppen, Fahrsteige und Aufz\u00fcge","description":"Geyssel","publisher":{"@id":"https:\/\/geyssel.net\/at\/#organization"},"potentialAction":[{"@type":"SearchAction","target":{"@type":"EntryPoint","urlTemplate":"https:\/\/geyssel.net\/at\/?s={search_term_string}"},"query-input":{"@type":"PropertyValueSpecification","valueRequired":true,"valueName":"search_term_string"}}],"inLanguage":"at-AT"},{"@type":"Organization","@id":"https:\/\/geyssel.net\/at\/#organization","name":"Fahrtreppen, Fahrsteige und Aufz\u00fcge","url":"https:\/\/geyssel.net\/at\/","logo":{"@type":"ImageObject","inLanguage":"at-AT","@id":"https:\/\/geyssel.net\/at\/#\/schema\/logo\/image\/","url":"https:\/\/geyssel.net\/wp-content\/uploads\/2025\/03\/logo-geyssel-fahrtreppen.png","contentUrl":"https:\/\/geyssel.net\/wp-content\/uploads\/2025\/03\/logo-geyssel-fahrtreppen.png","width":505,"height":147,"caption":"Fahrtreppen, Fahrsteige und Aufz\u00fcge"},"image":{"@id":"https:\/\/geyssel.net\/at\/#\/schema\/logo\/image\/"}}]}},"_links":{"self":[{"href":"https:\/\/geyssel.net\/at\/wp-json\/wp\/v2\/pages\/19267","targetHints":{"allow":["GET"]}}],"collection":[{"href":"https:\/\/geyssel.net\/at\/wp-json\/wp\/v2\/pages"}],"about":[{"href":"https:\/\/geyssel.net\/at\/wp-json\/wp\/v2\/types\/page"}],"author":[{"embeddable":true,"href":"https:\/\/geyssel.net\/at\/wp-json\/wp\/v2\/users\/2"}],"replies":[{"embeddable":true,"href":"https:\/\/geyssel.net\/at\/wp-json\/wp\/v2\/comments?post=19267"}],"version-history":[{"count":0,"href":"https:\/\/geyssel.net\/at\/wp-json\/wp\/v2\/pages\/19267\/revisions"}],"wp:featuredmedia":[{"embeddable":true,"href":"https:\/\/geyssel.net\/at\/wp-json\/wp\/v2\/media\/19268"}],"wp:attachment":[{"href":"https:\/\/geyssel.net\/at\/wp-json\/wp\/v2\/media?parent=19267"}],"curies":[{"name":"wp","href":"https:\/\/api.w.org\/{rel}","templated":true}]}}