{"id":19259,"date":"2023-08-04T19:40:29","date_gmt":"2023-08-04T19:40:29","guid":{"rendered":"https:\/\/geyssel.net\/sicherheit\/"},"modified":"2025-05-15T11:43:37","modified_gmt":"2025-05-15T11:43:37","slug":"sicherheit","status":"publish","type":"page","link":"https:\/\/geyssel.net\/at\/sicherheit\/","title":{"rendered":"Sicherheit"},"content":{"rendered":"<p><div class=\"fusion-fullwidth fullwidth-box fusion-builder-row-1 fusion-flex-container has-pattern-background has-mask-background fusion-parallax-none nonhundred-percent-fullwidth non-hundred-percent-height-scrolling fusion-no-small-visibility\" style=\"--awb-background-position:right top;--awb-border-sizes-top:0px;--awb-border-sizes-bottom:0px;--awb-border-sizes-left:0px;--awb-border-radius-top-left:0px;--awb-border-radius-top-right:0px;--awb-border-radius-bottom-right:0px;--awb-border-radius-bottom-left:0px;--awb-margin-bottom:0px;--awb-background-color:rgba(235,237,238,0);--awb-background-image:url(&quot;https:\/\/geyssel.net\/\/wp-content\/uploads\/2019\/07\/fahrstuhl-fahrtreppe-sicherheit.jpg&quot;);--awb-background-size:cover;--awb-flex-wrap:wrap;\" ><div class=\"fusion-builder-row fusion-row fusion-flex-align-items-flex-start fusion-flex-content-wrap\" style=\"max-width:1216.8px;margin-left: calc(-4% \/ 2 );margin-right: calc(-4% \/ 2 );\"><div class=\"fusion-layout-column fusion_builder_column fusion-builder-column-0 fusion_builder_column_1_3 1_3 fusion-flex-column\" style=\"--awb-padding-top:170px;--awb-padding-bottom:170px;--awb-bg-color:rgba(29,74,137,0.8);--awb-bg-color-hover:rgba(29,74,137,0.8);--awb-bg-size:cover;--awb-width-large:33.333333333333%;--awb-margin-top-large:0px;--awb-spacing-right-large:5.76%;--awb-margin-bottom-large:0px;--awb-spacing-left-large:5.76%;--awb-width-medium:100%;--awb-order-medium:0;--awb-spacing-right-medium:1.92%;--awb-spacing-left-medium:1.92%;--awb-width-small:100%;--awb-order-small:0;--awb-spacing-right-small:1.92%;--awb-spacing-left-small:1.92%;\" data-motion-effects=\"[{&quot;type&quot;:&quot;&quot;,&quot;scroll_type&quot;:&quot;transition&quot;,&quot;scroll_direction&quot;:&quot;up&quot;,&quot;transition_speed&quot;:&quot;1&quot;,&quot;fade_type&quot;:&quot;in&quot;,&quot;scale_type&quot;:&quot;up&quot;,&quot;initial_scale&quot;:&quot;1&quot;,&quot;max_scale&quot;:&quot;1.5&quot;,&quot;min_scale&quot;:&quot;0.5&quot;,&quot;initial_rotate&quot;:&quot;0&quot;,&quot;end_rotate&quot;:&quot;30&quot;,&quot;initial_blur&quot;:&quot;0&quot;,&quot;end_blur&quot;:&quot;3&quot;,&quot;start_element&quot;:&quot;top&quot;,&quot;start_viewport&quot;:&quot;bottom&quot;,&quot;end_element&quot;:&quot;bottom&quot;,&quot;end_viewport&quot;:&quot;top&quot;,&quot;mouse_effect&quot;:&quot;track&quot;,&quot;mouse_effect_direction&quot;:&quot;opposite&quot;,&quot;mouse_effect_speed&quot;:&quot;2&quot;,&quot;infinite_animation&quot;:&quot;float&quot;,&quot;infinite_animation_speed&quot;:&quot;2&quot;}]\" data-scroll-devices=\"small-visibility,medium-visibility,large-visibility\"><div class=\"fusion-column-wrapper fusion-column-has-shadow fusion-flex-justify-content-flex-start fusion-content-layout-column\"><div class=\"fusion-text fusion-text-1\" style=\"--awb-content-alignment:center;--awb-text-transform:none;--awb-text-color:#ffffff;\"><h1 style=\"text-align: center;\"><span style=\"color: #ffffff;\"><span style=\"font-size: 60px;\">Sicherheit<\/span><\/span><\/h1>\n<\/div><\/div><\/div><\/div><\/div><div class=\"fusion-fullwidth fullwidth-box fusion-builder-row-2 nonhundred-percent-fullwidth non-hundred-percent-height-scrolling\" style=\"--awb-background-position:left top;--awb-border-sizes-top:0px;--awb-border-sizes-bottom:0px;--awb-border-sizes-left:0px;--awb-border-radius-top-left:0px;--awb-border-radius-top-right:0px;--awb-border-radius-bottom-right:0px;--awb-border-radius-bottom-left:0px;--awb-padding-top:140px;--awb-padding-bottom:50px;--awb-flex-wrap:wrap;\" ><div class=\"fusion-builder-row fusion-row\"><div class=\"fusion-layout-column fusion_builder_column fusion-builder-column-1 fusion_builder_column_1_1 1_1 fusion-one-full fusion-column-first fusion-column-last\" style=\"--awb-bg-size:cover;\"><div class=\"fusion-column-wrapper fusion-flex-column-wrapper-legacy\"><div class=\"fusion-text fusion-text-2\" style=\"--awb-text-transform:none;\"><h2><strong>Unsere Mission:<br \/>\n<\/strong><strong>umfassende Sicherheit auf allen Ebenen<\/strong><\/h2>\n<\/div><div class=\"fusion-clearfix\"><\/div><\/div><\/div><div class=\"fusion-layout-column fusion_builder_column fusion-builder-column-2 fusion_builder_column_2_5 2_5 fusion-two-fifth fusion-column-first\" style=\"--awb-bg-size:cover;width:37.6%; margin-right: 4%;\"><div class=\"fusion-column-wrapper fusion-flex-column-wrapper-legacy\"><div class=\"fusion-text fusion-text-3\" style=\"--awb-text-transform:none;\"><p>Sicherheit hat bei uns oberste Priorit\u00e4t \u2013 f\u00fcr alle Beteiligten: F\u00fcr Technologielieferanten, Geb\u00e4udeeigent\u00fcmer und vor allem f\u00fcr die Nutzer von Rolltreppen und Fahrsteigen. Die Sicherheit unserer Kunden und Mitarbeitenden steht im Zentrum unseres Handelns.<\/p>\n<p>Bei Geyssel setzen wir auf ganzheitliche Sicherheitskonzepte. Unsere Prozesse \u2013 einschlie\u00dflich der Arbeiten unserer Sublieferanten \u2013 sind klar strukturiert und einheitlich geregelt. So schaffen wir ein verl\u00e4ssliches Fundament f\u00fcr maximale Sicherheit.<\/p>\n<p><strong>Unser Motto: Sicher ist sicher. Punkt.<\/strong><\/p>\n<\/div><div class=\"fusion-clearfix\"><\/div><\/div><\/div><div class=\"fusion-layout-column fusion_builder_column fusion-builder-column-3 fusion_builder_column_3_5 3_5 fusion-three-fifth fusion-column-last\" style=\"--awb-bg-size:cover;width:58.4%;\"><div class=\"fusion-column-wrapper fusion-flex-column-wrapper-legacy\"><div class=\"fusion-image-element in-legacy-container\" style=\"--awb-caption-title-font-family:var(--h2_typography-font-family);--awb-caption-title-font-weight:var(--h2_typography-font-weight);--awb-caption-title-font-style:var(--h2_typography-font-style);--awb-caption-title-size:var(--h2_typography-font-size);--awb-caption-title-transform:var(--h2_typography-text-transform);--awb-caption-title-line-height:var(--h2_typography-line-height);--awb-caption-title-letter-spacing:var(--h2_typography-letter-spacing);\"><span class=\" fusion-imageframe imageframe-none imageframe-1 hover-type-none\"><img loading=\"lazy\" decoding=\"async\" width=\"1412\" height=\"906\" title=\"rolltreppen-service-geyssel-koeln\" src=\"https:\/\/geyssel.net\/\/wp-content\/uploads\/2021\/09\/rolltreppen-service-geyssel-koeln.jpg\" alt class=\"img-responsive wp-image-15734\" srcset=\"https:\/\/geyssel.net\/wp-content\/uploads\/2021\/09\/rolltreppen-service-geyssel-koeln-200x128.jpg 200w, https:\/\/geyssel.net\/wp-content\/uploads\/2021\/09\/rolltreppen-service-geyssel-koeln-400x257.jpg 400w, https:\/\/geyssel.net\/wp-content\/uploads\/2021\/09\/rolltreppen-service-geyssel-koeln-600x385.jpg 600w, https:\/\/geyssel.net\/wp-content\/uploads\/2021\/09\/rolltreppen-service-geyssel-koeln-800x513.jpg 800w, https:\/\/geyssel.net\/wp-content\/uploads\/2021\/09\/rolltreppen-service-geyssel-koeln-1200x770.jpg 1200w, https:\/\/geyssel.net\/wp-content\/uploads\/2021\/09\/rolltreppen-service-geyssel-koeln.jpg 1412w\" sizes=\"auto, (max-width: 800px) 100vw, 800px\" \/><\/span><\/div><div class=\"fusion-clearfix\"><\/div><\/div><\/div><\/div><\/div><div class=\"fusion-fullwidth fullwidth-box fusion-builder-row-3 has-pattern-background has-mask-background nonhundred-percent-fullwidth non-hundred-percent-height-scrolling fusion-equal-height-columns\" style=\"--awb-background-position:left top;--awb-border-sizes-top:0px;--awb-border-sizes-bottom:0px;--awb-border-sizes-left:0px;--awb-border-radius-top-left:0px;--awb-border-radius-top-right:0px;--awb-border-radius-bottom-right:0px;--awb-border-radius-bottom-left:0px;--awb-padding-bottom:0px;--awb-padding-left:0px;--awb-margin-top:70px;--awb-flex-wrap:wrap;\" ><div class=\"fusion-builder-row fusion-row\"><div class=\"fusion-layout-column fusion_builder_column fusion-builder-column-4 fusion_builder_column_1_2 1_2 fusion-one-half fusion-column-first\" style=\"--awb-padding-top:12%;--awb-padding-right:12%;--awb-padding-bottom:14%;--awb-padding-left:12%;--awb-bg-color:#285a95;--awb-bg-color-hover:#285a95;--awb-bg-position:center center;--awb-bg-size:cover;--awb-margin-bottom:0px;\" data-motion-effects=\"[{&quot;type&quot;:&quot;&quot;,&quot;scroll_type&quot;:&quot;transition&quot;,&quot;scroll_direction&quot;:&quot;up&quot;,&quot;transition_speed&quot;:&quot;1&quot;,&quot;fade_type&quot;:&quot;in&quot;,&quot;scale_type&quot;:&quot;up&quot;,&quot;initial_scale&quot;:&quot;1&quot;,&quot;max_scale&quot;:&quot;1.5&quot;,&quot;min_scale&quot;:&quot;0.5&quot;,&quot;initial_rotate&quot;:&quot;0&quot;,&quot;end_rotate&quot;:&quot;30&quot;,&quot;initial_blur&quot;:&quot;0&quot;,&quot;end_blur&quot;:&quot;3&quot;,&quot;start_element&quot;:&quot;top&quot;,&quot;start_viewport&quot;:&quot;bottom&quot;,&quot;end_element&quot;:&quot;bottom&quot;,&quot;end_viewport&quot;:&quot;top&quot;,&quot;mouse_effect&quot;:&quot;track&quot;,&quot;mouse_effect_direction&quot;:&quot;opposite&quot;,&quot;mouse_effect_speed&quot;:&quot;2&quot;,&quot;infinite_animation&quot;:&quot;float&quot;,&quot;infinite_animation_speed&quot;:&quot;2&quot;}]\" data-scroll-devices=\"small-visibility,medium-visibility,large-visibility\"><div class=\"fusion-column-wrapper fusion-column-has-shadow fusion-flex-column-wrapper-legacy\"><div class=\"fusion-text fusion-text-4\" style=\"--awb-font-size:18pt;--awb-text-transform:none;--awb-text-color:#ffffff;\"><p><strong>Die Sicherheit unserer Produkte<\/strong><\/p>\n<\/div><div class=\"fusion-text fusion-text-5\" style=\"--awb-text-transform:none;--awb-text-color:#ffffff;\"><p>Die innovative Technologie unserer Produkte und unser Qualit\u00e4tsstandard sind die Basis f\u00fcr eine extreme Sicherheit. Die Produkte von Geyssel entsprechen den aktuellsten Sicherheitsvorschriften.<\/p>\n<p>Durch unseren Wartungsservice steht das Thema Gefahrenvermeidung an h\u00f6chster Stelle. Hier setzen wir von der Firma Geyssel auf Pr\u00e4vention, denn durch regelm\u00e4\u00dfige Inspektionen kann defektes oder br\u00fcchiges Material erkannt werden, bevor die Anlage nicht mehr genutzt werden kann. Unsere einmalig ausgebildeten Service-Techniker sind Profis und zeigen t\u00e4glich Bestleistungen.<\/p>\n<\/div><div class=\"fusion-clearfix\"><\/div><\/div><\/div><div class=\"fusion-layout-column fusion_builder_column fusion-builder-column-5 fusion_builder_column_1_2 1_2 fusion-one-half fusion-column-last\" style=\"--awb-padding-top:8%;--awb-padding-bottom:10%;--awb-padding-left:6%;--awb-bg-color:#8c8c8c;--awb-bg-color-hover:#8c8c8c;--awb-bg-image:url(&#039;https:\/\/geyssel.net\/\/wp-content\/uploads\/2022\/01\/rolltreppe-fahrtreppe-koeln.jpg&#039;);--awb-bg-position:center center;--awb-bg-size:cover;--awb-margin-bottom:0px;\"><div class=\"fusion-column-wrapper fusion-column-has-shadow fusion-flex-column-wrapper-legacy fusion-empty-column-bg-image fusion-column-has-bg-image\" data-bg-url=\"https:\/\/geyssel.net\/\/wp-content\/uploads\/2022\/01\/rolltreppe-fahrtreppe-koeln.jpg\"><img decoding=\"async\" class=\"fusion-empty-dims-img-placeholder fusion-no-large-visibility\" src=\"data:image\/gif;base64,R0lGODlhAQABAAAAACH5BAEKAAEALAAAAAABAAEAAAICTAEAOw==\"><div class=\"fusion-clearfix\"><\/div><\/div><\/div><\/div><\/div><div class=\"fusion-fullwidth fullwidth-box fusion-builder-row-4 fusion-flex-container nonhundred-percent-fullwidth non-hundred-percent-height-scrolling\" style=\"--awb-background-position:left top;--awb-border-sizes-top:0px;--awb-border-sizes-bottom:0px;--awb-border-sizes-left:0px;--awb-border-radius-top-left:0px;--awb-border-radius-top-right:0px;--awb-border-radius-bottom-right:0px;--awb-border-radius-bottom-left:0px;--awb-padding-top:9%;--awb-padding-bottom:9%;--awb-background-color:#ffffff;--awb-flex-wrap:wrap;\" ><div class=\"fusion-builder-row fusion-row fusion-flex-align-items-flex-start fusion-flex-justify-content-center fusion-flex-content-wrap\" style=\"max-width:1216.8px;margin-left: calc(-4% \/ 2 );margin-right: calc(-4% \/ 2 );\"><div class=\"fusion-layout-column fusion_builder_column fusion-builder-column-6 fusion_builder_column_1_1 1_1 fusion-flex-column mass-intro\" style=\"--awb-bg-size:cover;--awb-width-large:100%;--awb-margin-top-large:0px;--awb-spacing-right-large:1.92%;--awb-margin-bottom-large:0px;--awb-spacing-left-large:1.92%;--awb-width-medium:100%;--awb-spacing-right-medium:1.92%;--awb-spacing-left-medium:1.92%;--awb-width-small:100%;--awb-spacing-right-small:1.92%;--awb-spacing-left-small:1.92%;\"><div class=\"fusion-column-wrapper fusion-flex-justify-content-flex-start fusion-content-layout-column\"><div class=\"fusion-text fusion-text-6\" style=\"--awb-content-alignment:center;--awb-text-transform:none;\"><h2><strong> Arbeitsschutz \u2013 auch hier gilt, Sicherheit hat h\u00f6chste Prio<\/strong><\/h2>\n<\/div><div class=\"fusion-text fusion-text-7\" style=\"--awb-text-transform:none;\"><p style=\"text-align: center;\"><span style=\"font-size: 18pt;\">Bei dem Thema Arbeitssicherheit machen wir keine Kompromisse, denn Arbeitsunf\u00e4lle und -verletzungen k\u00f6nnen schlie\u00dflich verhindert werden. Und hier ist jeder Einzelne gefragt, denn in unseren Augen ist Arbeitssicherheit eine <strong>Frage von Teamwork.<\/strong><\/span><\/p>\n<\/div><\/div><\/div><\/div><\/div><div id=\"Leistungen\" class=\"fusion-container-anchor\"><div class=\"fusion-bg-parallax\" data-bg-align=\"center center\" data-direction=\"left\" data-mute=\"false\" data-opacity=\"100\" data-velocity=\"-0.5\" data-mobile-enabled=\"false\" data-break_parents=\"0\" data-bg-image=\"https:\/\/geyssel.net\/\/wp-content\/uploads\/2022\/01\/rolltreppe-fahrtreppe-safety-koeln.jpg\" data-bg-repeat=\"false\" data-bg-color=\"rgba(25,25,25,0.64)\" ><\/div><div class=\"fusion-fullwidth fullwidth-box fusion-builder-row-5 fusion-parallax-left nonhundred-percent-fullwidth non-hundred-percent-height-scrolling\" style=\"--awb-border-sizes-top:0px;--awb-border-sizes-bottom:0px;--awb-border-sizes-left:0px;--awb-border-radius-top-left:0px;--awb-border-radius-top-right:0px;--awb-border-radius-bottom-right:0px;--awb-border-radius-bottom-left:0px;--awb-padding-top:140px;--awb-padding-bottom:140px;--awb-background-color:rgba(25,25,25,0.64);--awb-background-image:url(&quot;https:\/\/geyssel.net\/\/wp-content\/uploads\/2022\/01\/rolltreppe-fahrtreppe-safety-koeln.jpg&quot;);--awb-background-size:cover;--awb-flex-wrap:wrap;\" ><div class=\"fusion-builder-row fusion-row\"><div class=\"fusion-layout-column fusion_builder_column fusion-builder-column-7 fusion_builder_column_1_1 1_1 fusion-one-full fusion-column-first fusion-column-last\" style=\"--awb-padding-top:20px;--awb-padding-bottom:20px;--awb-padding-left:40px;--awb-bg-size:cover;\"><div class=\"fusion-column-wrapper fusion-column-has-shadow fusion-flex-column-wrapper-legacy\"><div class=\"fusion-sep-clear\"><\/div><div class=\"fusion-separator fusion-full-width-sep\" style=\"margin-left: auto;margin-right: auto;margin-top:5%;width:100%;\"><\/div><div class=\"fusion-sep-clear\"><\/div><div class=\"fusion-text fusion-text-8\" style=\"--awb-content-alignment:center;--awb-text-transform:none;\"><h2 style=\"text-align: center;\"><span style=\"color: #ffffff;\"><strong>Die Geyssel Sicherheitskultur<\/strong><\/span><\/h2>\n<\/div><div class=\"fusion-text fusion-text-9\" style=\"--awb-text-transform:none;--awb-text-color:#ffffff;\"><p style=\"text-align: center;\"><span style=\"font-size: 32px;\">Die Sicherheit von Mitarbeitenden und Menschen, die unsere Produkte bzw. unsere Dienstleistungen in Anspruch nehmen, hat bei uns h\u00f6chste Priorit\u00e4t.<\/span><\/p>\n<\/div><div class=\"fusion-clearfix\"><\/div><\/div><\/div><\/div><\/div><\/div><\/p>\n","protected":false},"excerpt":{"rendered":"","protected":false},"author":2,"featured_media":19260,"parent":0,"menu_order":0,"comment_status":"closed","ping_status":"closed","template":"100-width.php","meta":{"footnotes":""},"class_list":["post-19259","page","type-page","status-publish","has-post-thumbnail","hentry"],"yoast_head":"<!-- This site is optimized with the Yoast SEO plugin v27.4 - https:\/\/yoast.com\/product\/yoast-seo-wordpress\/ -->\n<title>Sicherheit hat oberste Priorit\u00e4t: bei Aufz\u00fcgen oder Fahrsteigen.<\/title>\n<meta name=\"description\" content=\"Die innovative Technologie unserer Produkte und unser Qualit\u00e4tsstandard sind die Basis f\u00fcr eine extreme Sicherheit.\" \/>\n<meta name=\"robots\" content=\"index, follow, max-snippet:-1, max-image-preview:large, max-video-preview:-1\" \/>\n<link rel=\"canonical\" href=\"https:\/\/geyssel.net\/at\/sicherheit\/\" \/>\n<meta property=\"og:locale\" content=\"en_US\" \/>\n<meta property=\"og:type\" content=\"article\" \/>\n<meta property=\"og:title\" content=\"Sicherheit hat oberste Priorit\u00e4t: bei Aufz\u00fcgen oder Fahrsteigen.\" \/>\n<meta property=\"og:description\" content=\"Die innovative Technologie unserer Produkte und unser Qualit\u00e4tsstandard sind die Basis f\u00fcr eine extreme Sicherheit.\" \/>\n<meta property=\"og:url\" content=\"https:\/\/geyssel.net\/at\/sicherheit\/\" \/>\n<meta property=\"og:site_name\" content=\"Fahrtreppen, Fahrsteige und Aufz\u00fcge\" \/>\n<meta property=\"article:modified_time\" content=\"2025-05-15T11:43:37+00:00\" \/>\n<meta property=\"og:image\" content=\"https:\/\/geyssel.net\/wp-content\/uploads\/2021\/09\/service-rolltreppen-geyssel-koeln.jpg\" \/>\n\t<meta property=\"og:image:width\" content=\"1412\" \/>\n\t<meta property=\"og:image:height\" content=\"906\" \/>\n\t<meta property=\"og:image:type\" content=\"image\/jpeg\" \/>\n<meta name=\"twitter:card\" content=\"summary_large_image\" \/>\n<meta name=\"twitter:label1\" content=\"Est. reading time\" \/>\n\t<meta name=\"twitter:data1\" content=\"2 minutes\" \/>\n<script type=\"application\/ld+json\" class=\"yoast-schema-graph\">{\"@context\":\"https:\\\/\\\/schema.org\",\"@graph\":[{\"@type\":\"WebPage\",\"@id\":\"https:\\\/\\\/geyssel.net\\\/at\\\/sicherheit\\\/\",\"url\":\"https:\\\/\\\/geyssel.net\\\/at\\\/sicherheit\\\/\",\"name\":\"Sicherheit hat oberste Priorit\u00e4t: bei Aufz\u00fcgen oder Fahrsteigen.\",\"isPartOf\":{\"@id\":\"https:\\\/\\\/geyssel.net\\\/at\\\/#website\"},\"primaryImageOfPage\":{\"@id\":\"https:\\\/\\\/geyssel.net\\\/at\\\/sicherheit\\\/#primaryimage\"},\"image\":{\"@id\":\"https:\\\/\\\/geyssel.net\\\/at\\\/sicherheit\\\/#primaryimage\"},\"thumbnailUrl\":\"https:\\\/\\\/geyssel.net\\\/wp-content\\\/uploads\\\/2021\\\/09\\\/service-rolltreppen-geyssel-koeln.jpg\",\"datePublished\":\"2023-08-04T19:40:29+00:00\",\"dateModified\":\"2025-05-15T11:43:37+00:00\",\"description\":\"Die innovative Technologie unserer Produkte und unser Qualit\u00e4tsstandard sind die Basis f\u00fcr eine extreme Sicherheit.\",\"breadcrumb\":{\"@id\":\"https:\\\/\\\/geyssel.net\\\/at\\\/sicherheit\\\/#breadcrumb\"},\"inLanguage\":\"at-AT\",\"potentialAction\":[{\"@type\":\"ReadAction\",\"target\":[\"https:\\\/\\\/geyssel.net\\\/at\\\/sicherheit\\\/\"]}]},{\"@type\":\"ImageObject\",\"inLanguage\":\"at-AT\",\"@id\":\"https:\\\/\\\/geyssel.net\\\/at\\\/sicherheit\\\/#primaryimage\",\"url\":\"https:\\\/\\\/geyssel.net\\\/wp-content\\\/uploads\\\/2021\\\/09\\\/service-rolltreppen-geyssel-koeln.jpg\",\"contentUrl\":\"https:\\\/\\\/geyssel.net\\\/wp-content\\\/uploads\\\/2021\\\/09\\\/service-rolltreppen-geyssel-koeln.jpg\",\"width\":1412,\"height\":906,\"caption\":\"Sicherheit bei Aufz\u00fcgen und Rolltreppen hat bei uns oberste Priorit\u00e4t\"},{\"@type\":\"BreadcrumbList\",\"@id\":\"https:\\\/\\\/geyssel.net\\\/at\\\/sicherheit\\\/#breadcrumb\",\"itemListElement\":[{\"@type\":\"ListItem\",\"position\":1,\"name\":\"Startseite\",\"item\":\"https:\\\/\\\/geyssel.net\\\/at\\\/\"},{\"@type\":\"ListItem\",\"position\":2,\"name\":\"Sicherheit\"}]},{\"@type\":\"WebSite\",\"@id\":\"https:\\\/\\\/geyssel.net\\\/at\\\/#website\",\"url\":\"https:\\\/\\\/geyssel.net\\\/at\\\/\",\"name\":\"Fahrtreppen, Fahrsteige und Aufz\u00fcge\",\"description\":\"Geyssel\",\"publisher\":{\"@id\":\"https:\\\/\\\/geyssel.net\\\/at\\\/#organization\"},\"potentialAction\":[{\"@type\":\"SearchAction\",\"target\":{\"@type\":\"EntryPoint\",\"urlTemplate\":\"https:\\\/\\\/geyssel.net\\\/at\\\/?s={search_term_string}\"},\"query-input\":{\"@type\":\"PropertyValueSpecification\",\"valueRequired\":true,\"valueName\":\"search_term_string\"}}],\"inLanguage\":\"at-AT\"},{\"@type\":\"Organization\",\"@id\":\"https:\\\/\\\/geyssel.net\\\/at\\\/#organization\",\"name\":\"Fahrtreppen, Fahrsteige und Aufz\u00fcge\",\"url\":\"https:\\\/\\\/geyssel.net\\\/at\\\/\",\"logo\":{\"@type\":\"ImageObject\",\"inLanguage\":\"at-AT\",\"@id\":\"https:\\\/\\\/geyssel.net\\\/at\\\/#\\\/schema\\\/logo\\\/image\\\/\",\"url\":\"https:\\\/\\\/geyssel.net\\\/wp-content\\\/uploads\\\/2025\\\/03\\\/logo-geyssel-fahrtreppen.png\",\"contentUrl\":\"https:\\\/\\\/geyssel.net\\\/wp-content\\\/uploads\\\/2025\\\/03\\\/logo-geyssel-fahrtreppen.png\",\"width\":505,\"height\":147,\"caption\":\"Fahrtreppen, Fahrsteige und Aufz\u00fcge\"},\"image\":{\"@id\":\"https:\\\/\\\/geyssel.net\\\/at\\\/#\\\/schema\\\/logo\\\/image\\\/\"}}]}<\/script>\n<!-- \/ Yoast SEO plugin. -->","yoast_head_json":{"title":"Sicherheit hat oberste Priorit\u00e4t: bei Aufz\u00fcgen oder Fahrsteigen.","description":"Die innovative Technologie unserer Produkte und unser Qualit\u00e4tsstandard sind die Basis f\u00fcr eine extreme Sicherheit.","robots":{"index":"index","follow":"follow","max-snippet":"max-snippet:-1","max-image-preview":"max-image-preview:large","max-video-preview":"max-video-preview:-1"},"canonical":"https:\/\/geyssel.net\/at\/sicherheit\/","og_locale":"en_US","og_type":"article","og_title":"Sicherheit hat oberste Priorit\u00e4t: bei Aufz\u00fcgen oder Fahrsteigen.","og_description":"Die innovative Technologie unserer Produkte und unser Qualit\u00e4tsstandard sind die Basis f\u00fcr eine extreme Sicherheit.","og_url":"https:\/\/geyssel.net\/at\/sicherheit\/","og_site_name":"Fahrtreppen, Fahrsteige und Aufz\u00fcge","article_modified_time":"2025-05-15T11:43:37+00:00","og_image":[{"width":1412,"height":906,"url":"https:\/\/geyssel.net\/wp-content\/uploads\/2021\/09\/service-rolltreppen-geyssel-koeln.jpg","type":"image\/jpeg"}],"twitter_card":"summary_large_image","twitter_misc":{"Est. reading time":"2 minutes"},"schema":{"@context":"https:\/\/schema.org","@graph":[{"@type":"WebPage","@id":"https:\/\/geyssel.net\/at\/sicherheit\/","url":"https:\/\/geyssel.net\/at\/sicherheit\/","name":"Sicherheit hat oberste Priorit\u00e4t: bei Aufz\u00fcgen oder Fahrsteigen.","isPartOf":{"@id":"https:\/\/geyssel.net\/at\/#website"},"primaryImageOfPage":{"@id":"https:\/\/geyssel.net\/at\/sicherheit\/#primaryimage"},"image":{"@id":"https:\/\/geyssel.net\/at\/sicherheit\/#primaryimage"},"thumbnailUrl":"https:\/\/geyssel.net\/wp-content\/uploads\/2021\/09\/service-rolltreppen-geyssel-koeln.jpg","datePublished":"2023-08-04T19:40:29+00:00","dateModified":"2025-05-15T11:43:37+00:00","description":"Die innovative Technologie unserer Produkte und unser Qualit\u00e4tsstandard sind die Basis f\u00fcr eine extreme Sicherheit.","breadcrumb":{"@id":"https:\/\/geyssel.net\/at\/sicherheit\/#breadcrumb"},"inLanguage":"at-AT","potentialAction":[{"@type":"ReadAction","target":["https:\/\/geyssel.net\/at\/sicherheit\/"]}]},{"@type":"ImageObject","inLanguage":"at-AT","@id":"https:\/\/geyssel.net\/at\/sicherheit\/#primaryimage","url":"https:\/\/geyssel.net\/wp-content\/uploads\/2021\/09\/service-rolltreppen-geyssel-koeln.jpg","contentUrl":"https:\/\/geyssel.net\/wp-content\/uploads\/2021\/09\/service-rolltreppen-geyssel-koeln.jpg","width":1412,"height":906,"caption":"Sicherheit bei Aufz\u00fcgen und Rolltreppen hat bei uns oberste Priorit\u00e4t"},{"@type":"BreadcrumbList","@id":"https:\/\/geyssel.net\/at\/sicherheit\/#breadcrumb","itemListElement":[{"@type":"ListItem","position":1,"name":"Startseite","item":"https:\/\/geyssel.net\/at\/"},{"@type":"ListItem","position":2,"name":"Sicherheit"}]},{"@type":"WebSite","@id":"https:\/\/geyssel.net\/at\/#website","url":"https:\/\/geyssel.net\/at\/","name":"Fahrtreppen, Fahrsteige und Aufz\u00fcge","description":"Geyssel","publisher":{"@id":"https:\/\/geyssel.net\/at\/#organization"},"potentialAction":[{"@type":"SearchAction","target":{"@type":"EntryPoint","urlTemplate":"https:\/\/geyssel.net\/at\/?s={search_term_string}"},"query-input":{"@type":"PropertyValueSpecification","valueRequired":true,"valueName":"search_term_string"}}],"inLanguage":"at-AT"},{"@type":"Organization","@id":"https:\/\/geyssel.net\/at\/#organization","name":"Fahrtreppen, Fahrsteige und Aufz\u00fcge","url":"https:\/\/geyssel.net\/at\/","logo":{"@type":"ImageObject","inLanguage":"at-AT","@id":"https:\/\/geyssel.net\/at\/#\/schema\/logo\/image\/","url":"https:\/\/geyssel.net\/wp-content\/uploads\/2025\/03\/logo-geyssel-fahrtreppen.png","contentUrl":"https:\/\/geyssel.net\/wp-content\/uploads\/2025\/03\/logo-geyssel-fahrtreppen.png","width":505,"height":147,"caption":"Fahrtreppen, Fahrsteige und Aufz\u00fcge"},"image":{"@id":"https:\/\/geyssel.net\/at\/#\/schema\/logo\/image\/"}}]}},"_links":{"self":[{"href":"https:\/\/geyssel.net\/at\/wp-json\/wp\/v2\/pages\/19259","targetHints":{"allow":["GET"]}}],"collection":[{"href":"https:\/\/geyssel.net\/at\/wp-json\/wp\/v2\/pages"}],"about":[{"href":"https:\/\/geyssel.net\/at\/wp-json\/wp\/v2\/types\/page"}],"author":[{"embeddable":true,"href":"https:\/\/geyssel.net\/at\/wp-json\/wp\/v2\/users\/2"}],"replies":[{"embeddable":true,"href":"https:\/\/geyssel.net\/at\/wp-json\/wp\/v2\/comments?post=19259"}],"version-history":[{"count":2,"href":"https:\/\/geyssel.net\/at\/wp-json\/wp\/v2\/pages\/19259\/revisions"}],"predecessor-version":[{"id":19423,"href":"https:\/\/geyssel.net\/at\/wp-json\/wp\/v2\/pages\/19259\/revisions\/19423"}],"wp:featuredmedia":[{"embeddable":true,"href":"https:\/\/geyssel.net\/at\/wp-json\/wp\/v2\/media\/19260"}],"wp:attachment":[{"href":"https:\/\/geyssel.net\/at\/wp-json\/wp\/v2\/media?parent=19259"}],"curies":[{"name":"wp","href":"https:\/\/api.w.org\/{rel}","templated":true}]}}