{"id":19010,"date":"2023-08-25T16:49:29","date_gmt":"2023-08-25T16:49:29","guid":{"rendered":"https:\/\/geyssel.net\/niederlassung-ost\/"},"modified":"2025-03-19T16:41:49","modified_gmt":"2025-03-19T16:41:49","slug":"niederlassung-ost","status":"publish","type":"page","link":"https:\/\/geyssel.net\/at\/niederlassung-ost\/","title":{"rendered":"Niederlassung Ost"},"content":{"rendered":"<p><div class=\"fusion-fullwidth fullwidth-box fusion-builder-row-1 has-pattern-background has-mask-background hundred-percent-fullwidth non-hundred-percent-height-scrolling\" style=\"--awb-background-position:left top;--awb-border-sizes-top:0px;--awb-border-sizes-bottom:0px;--awb-border-sizes-left:0px;--awb-border-color:#e5e4e4;--awb-border-radius-top-left:0px;--awb-border-radius-top-right:0px;--awb-border-radius-bottom-right:0px;--awb-border-radius-bottom-left:0px;--awb-padding-left:0px;--awb-margin-bottom:0px;--awb-flex-wrap:wrap;\" ><div class=\"fusion-builder-row fusion-row\"><div class=\"fusion-layout-column fusion_builder_column fusion-builder-column-0 fusion_builder_column_1_1 1_1 fusion-one-full fusion-column-first fusion-column-last\" style=\"--awb-bg-size:cover;--awb-margin-bottom:0px;\" data-motion-effects=\"[{&quot;type&quot;:&quot;&quot;,&quot;scroll_type&quot;:&quot;transition&quot;,&quot;scroll_direction&quot;:&quot;up&quot;,&quot;transition_speed&quot;:&quot;1&quot;,&quot;fade_type&quot;:&quot;in&quot;,&quot;scale_type&quot;:&quot;up&quot;,&quot;initial_scale&quot;:&quot;1&quot;,&quot;max_scale&quot;:&quot;1.5&quot;,&quot;min_scale&quot;:&quot;0.5&quot;,&quot;initial_rotate&quot;:&quot;0&quot;,&quot;end_rotate&quot;:&quot;30&quot;,&quot;initial_blur&quot;:&quot;0&quot;,&quot;end_blur&quot;:&quot;3&quot;,&quot;start_element&quot;:&quot;top&quot;,&quot;start_viewport&quot;:&quot;bottom&quot;,&quot;end_element&quot;:&quot;bottom&quot;,&quot;end_viewport&quot;:&quot;top&quot;,&quot;mouse_effect&quot;:&quot;track&quot;,&quot;mouse_effect_direction&quot;:&quot;opposite&quot;,&quot;mouse_effect_speed&quot;:&quot;2&quot;,&quot;infinite_animation&quot;:&quot;float&quot;,&quot;infinite_animation_speed&quot;:&quot;2&quot;}]\" data-scroll-devices=\"small-visibility,medium-visibility,large-visibility\"><div class=\"fusion-column-wrapper fusion-column-has-shadow fusion-flex-column-wrapper-legacy\"><iframe src=\"https:\/\/www.google.com\/maps\/embed?pb=!1m18!1m12!1m3!1d2419.701232694463!2d13.389398451786013!3d52.66537383309825!2m3!1f0!2f0!3f0!3m2!1i1024!2i768!4f13.1!3m3!1m2!1s0x47a9acf2171b1047%3A0x11ec967076864313!2sGeyssel%20Fahrtreppenservice%20GmbH!5e0!3m2!1sde!2sde!4v1631001472915!5m2!1sde!2sde\" width=\"100%\"?\ucb31?eight=\"450\" style=\"border:0;\" allowfullscreen=\"\" loading=\"lazy\"><\/iframe><div class=\"fusion-clearfix\"><\/div><\/div><\/div><\/div><\/div><div id=\"niederlassung_nord\" class=\"fusion-container-anchor\"><div class=\"fusion-fullwidth fullwidth-box fusion-builder-row-2 fusion-flex-container nonhundred-percent-fullwidth non-hundred-percent-height-scrolling\" style=\"--awb-background-position:left top;--awb-border-sizes-top:0px;--awb-border-sizes-bottom:0px;--awb-border-sizes-left:0px;--awb-border-radius-top-left:0px;--awb-border-radius-top-right:0px;--awb-border-radius-bottom-right:0px;--awb-border-radius-bottom-left:0px;--awb-padding-top:6%;--awb-padding-bottom:5%;--awb-background-color:#ffffff;--awb-flex-wrap:wrap;\" ><div class=\"fusion-builder-row fusion-row fusion-flex-align-items-flex-start fusion-flex-justify-content-center fusion-flex-content-wrap\" style=\"max-width:1216.8px;margin-left: calc(-4% \/ 2 );margin-right: calc(-4% \/ 2 );\"><div class=\"fusion-layout-column fusion_builder_column fusion-builder-column-1 fusion_builder_column_1_1 1_1 fusion-flex-column mass-intro\" style=\"--awb-bg-blend:overlay;--awb-bg-size:cover;--awb-width-large:100%;--awb-margin-top-large:0px;--awb-spacing-right-large:1.92%;--awb-margin-bottom-large:0px;--awb-spacing-left-large:1.92%;--awb-width-medium:100%;--awb-spacing-right-medium:1.92%;--awb-spacing-left-medium:1.92%;--awb-width-small:100%;--awb-spacing-right-small:1.92%;--awb-spacing-left-small:1.92%;\"><div class=\"fusion-column-wrapper fusion-flex-justify-content-flex-start fusion-content-layout-column\"><div class=\"fusion-text fusion-text-1\"><h2 style=\"text-align: left;\"><strong><span style=\"color: #002a52;\">Niederlassung Ost<\/span><\/strong><\/h2>\n<\/div><div class=\"fusion-separator fusion-full-width-sep\" style=\"align-self: center;margin-left: auto;margin-right: auto;margin-top:10px;margin-bottom:20px;width:100%;\"><\/div><\/div><\/div><div class=\"fusion-layout-column fusion_builder_column fusion-builder-column-2 fusion_builder_column_1_2 1_2 fusion-flex-column mass-intro\" style=\"--awb-bg-blend:overlay;--awb-bg-size:cover;--awb-width-large:50%;--awb-margin-top-large:0px;--awb-spacing-right-large:3.84%;--awb-margin-bottom-large:0px;--awb-spacing-left-large:3.84%;--awb-width-medium:100%;--awb-spacing-right-medium:1.92%;--awb-spacing-left-medium:1.92%;--awb-width-small:100%;--awb-spacing-right-small:1.92%;--awb-spacing-left-small:1.92%;\"><div class=\"fusion-column-wrapper fusion-flex-justify-content-flex-start fusion-content-layout-column\"><div class=\"fusion-text fusion-text-2\" style=\"--awb-font-size:24px;\"><p style=\"text-align: left;\">Hier finden Sie alle wichtigen Kontaktdaten des Geyssel-Teams der <strong>Niederlassung Ost<\/strong> auf einen Blick. Unsere fachkundigen Mitarbeiter haben stets ein offenes Ohr f\u00fcr Ihre gro\u00dfen und kleinen W\u00fcnsche und beraten Sie schnell und kompetent.<\/p>\n<\/div><div class=\"fusion-text fusion-text-3\" style=\"--awb-font-size:24px;\"><p>Geyssel Fahrtreppenservice GmbH<br \/>\nService-Niederlassung Ost<br \/>\nAm Hasensprung 5 \u2022 16567 Berlin M\u00fchlenbeck<\/p>\n<p>Telefon: +49 221 &#8211; 534 39 90<br \/>\n<span style=\"color: var(--body_typography-color); font-family: var(--body_typography-font-family); font-style: var(--body_typography-font-style,normal); font-wegeysselt: var(--body_typography-font-wegeysselt); letter-spacing: var(--body_typography-letter-spacing);\">Fax: +49 221 &#8211; 534 39 93 0<br \/>\n<\/span><span style=\"text-decoration: underline;\"><a href=\"mailto:info@geyssel.net\"><span style=\"color: var(--body_typography-color); font-family: var(--body_typography-font-family); font-style: var(--body_typography-font-style,normal); font-wegeysselt: var(--body_typography-font-wegeysselt); letter-spacing: var(--body_typography-letter-spacing); text-decoration: underline;\">info@geyssel.net<\/span><\/a><\/span><\/p>\n<\/div><\/div><\/div><div class=\"fusion-layout-column fusion_builder_column fusion-builder-column-3 fusion_builder_column_1_2 1_2 fusion-flex-column mass-intro\" style=\"--awb-bg-blend:overlay;--awb-bg-size:cover;--awb-width-large:50%;--awb-margin-top-large:0px;--awb-spacing-right-large:3.84%;--awb-margin-bottom-large:0px;--awb-spacing-left-large:3.84%;--awb-width-medium:100%;--awb-spacing-right-medium:1.92%;--awb-spacing-left-medium:1.92%;--awb-width-small:100%;--awb-spacing-right-small:1.92%;--awb-spacing-left-small:1.92%;\"><div class=\"fusion-column-wrapper fusion-flex-justify-content-flex-start fusion-content-layout-column\"><div class=\"fusion-image-element \" style=\"--awb-caption-title-font-family:var(--h2_typography-font-family);--awb-caption-title-font-weight:var(--h2_typography-font-weight);--awb-caption-title-font-style:var(--h2_typography-font-style);--awb-caption-title-size:var(--h2_typography-font-size);--awb-caption-title-transform:var(--h2_typography-text-transform);--awb-caption-title-line-height:var(--h2_typography-line-height);--awb-caption-title-letter-spacing:var(--h2_typography-letter-spacing);\"><span class=\" fusion-imageframe imageframe-none imageframe-1 hover-type-none\"><img loading=\"lazy\" decoding=\"async\" width=\"1200\" height=\"817\" alt=\"Geyssel Fahrtreppen Aufz\u00fcge Berlin\" title=\"Geyssel Fahrtreppen Aufz\u00fcge Berlin\" src=\"https:\/\/geyssel.net\/wp-content\/uploads\/2022\/06\/geyssel-berlin-1.jpg\" class=\"img-responsive wp-image-16959\"\/><\/span><\/div><\/div><\/div><\/div><\/div><\/div><div class=\"fusion-fullwidth fullwidth-box fusion-builder-row-3 nonhundred-percent-fullwidth non-hundred-percent-height-scrolling\" style=\"--awb-background-position:left top;--awb-border-sizes-top:0px;--awb-border-sizes-bottom:0px;--awb-border-sizes-left:0px;--awb-border-radius-top-left:0px;--awb-border-radius-top-right:0px;--awb-border-radius-bottom-right:0px;--awb-border-radius-bottom-left:0px;--awb-padding-bottom:50px;--awb-background-color:#f5f5f5;--awb-flex-wrap:wrap;\" ><div class=\"fusion-builder-row fusion-row\"><div class=\"fusion-layout-column fusion_builder_column fusion-builder-column-4 fusion_builder_column_1_1 1_1 fusion-one-full fusion-column-first fusion-column-last\" style=\"--awb-bg-size:cover;--awb-margin-top:3%;\"><div class=\"fusion-column-wrapper fusion-column-has-shadow fusion-flex-column-wrapper-legacy\"><div class=\"fusion-title title fusion-title-1 fusion-sep-none fusion-title-text fusion-title-size-one\"><h1 class=\"fusion-title-heading title-heading-left fusion-responsive-typography-calculated\" style=\"margin:0;--fontSize:60;line-height:1;\"><h2>Ansprechpartner<\/h2><\/h1><\/div><div class=\"fusion-clearfix\"><\/div><\/div><\/div><div class=\"fusion-layout-column fusion_builder_column fusion-builder-column-5 fusion_builder_column_1_3 1_3 fusion-one-third fusion-column-first\" style=\"--awb-padding-bottom:10px;--awb-bg-color:#ffffff;--awb-bg-color-hover:#ffffff;--awb-bg-size:cover;width:33.333333333333%;width:calc(33.333333333333% - ( ( 30px + 30px ) * 0.33333333333333 ) );margin-right: 30px;\"><div class=\"fusion-column-wrapper fusion-column-has-shadow fusion-flex-column-wrapper-legacy\"><div class=\"fusion-sep-clear\"><\/div><div class=\"fusion-separator fusion-full-width-sep\" style=\"margin-left: auto;margin-right: auto;margin-top:30px;width:100%;\"><\/div><div class=\"fusion-sep-clear\"><\/div><div class=\"fusion-text fusion-text-4\" style=\"--awb-font-size:20px;--awb-text-transform:none;\"><p style=\"text-align: center;\"><strong>Stefan Pfau<br \/>\n<\/strong>Leitung<\/p>\n<\/div><div class=\"fusion-clearfix\"><\/div><\/div><\/div><div class=\"fusion-layout-column fusion_builder_column fusion-builder-column-6 fusion_builder_column_1_3 1_3 fusion-one-third\" style=\"--awb-padding-bottom:10px;--awb-bg-color:#ffffff;--awb-bg-color-hover:#ffffff;--awb-bg-size:cover;width:33.333333333333%;width:calc(33.333333333333% - ( ( 30px + 30px ) * 0.33333333333333 ) );margin-right: 30px;\"><div class=\"fusion-column-wrapper fusion-column-has-shadow fusion-flex-column-wrapper-legacy\"><div class=\"fusion-sep-clear\"><\/div><div class=\"fusion-separator fusion-full-width-sep\" style=\"margin-left: auto;margin-right: auto;margin-top:30px;width:100%;\"><\/div><div class=\"fusion-sep-clear\"><\/div><div class=\"fusion-text fusion-text-5\" style=\"--awb-font-size:20px;--awb-text-transform:none;\"><p style=\"text-align: center;\"><strong>Alfred Schwarzbach<br \/>\n<\/strong>Vertrieb<\/p>\n<\/div><div class=\"fusion-clearfix\"><\/div><\/div><\/div><div class=\"fusion-layout-column fusion_builder_column fusion-builder-column-7 fusion_builder_column_1_3 1_3 fusion-one-third fusion-column-last\" style=\"--awb-padding-bottom:10px;--awb-bg-color:#ffffff;--awb-bg-color-hover:#ffffff;--awb-bg-size:cover;width:33.333333333333%;width:calc(33.333333333333% - ( ( 30px + 30px ) * 0.33333333333333 ) );\"><div class=\"fusion-column-wrapper fusion-column-has-shadow fusion-flex-column-wrapper-legacy\"><div class=\"fusion-sep-clear\"><\/div><div class=\"fusion-separator fusion-full-width-sep\" style=\"margin-left: auto;margin-right: auto;margin-top:30px;width:100%;\"><\/div><div class=\"fusion-sep-clear\"><\/div><div class=\"fusion-text fusion-text-6\" style=\"--awb-font-size:20px;--awb-text-transform:none;\"><p style=\"text-align: center;\"><strong>Artur Karczmar<br \/>\n<\/strong>Kundendienstleiter<\/p>\n<\/div><div class=\"fusion-clearfix\"><\/div><\/div><\/div><\/div><\/div><\/p>\n","protected":false},"excerpt":{"rendered":"","protected":false},"author":2,"featured_media":19007,"parent":0,"menu_order":0,"comment_status":"closed","ping_status":"closed","template":"100-width.php","meta":{"footnotes":""},"class_list":["post-19010","page","type-page","status-publish","has-post-thumbnail","hentry"],"yoast_head":"<!-- This site is optimized with the Yoast SEO plugin v27.4 - https:\/\/yoast.com\/product\/yoast-seo-wordpress\/ -->\n<title>Fahrtreppen, Fahrsteige &amp; Aufz\u00fcge \u2013 Geyssel Berlin<\/title>\n<meta name=\"description\" content=\"Fahrtreppen, Fahrsteige &amp; Aufz\u00fcge von Geyssel Berlin (Niederlassung Ost): \u2713 Qualit\u00e4t \u2713 Service \u2713 Zuverl\u00e4ssigkeit. \u260e +49 221 5343990\" \/>\n<meta name=\"robots\" content=\"index, follow, max-snippet:-1, max-image-preview:large, max-video-preview:-1\" \/>\n<link rel=\"canonical\" href=\"https:\/\/geyssel.net\/at\/niederlassung-ost\/\" \/>\n<meta property=\"og:locale\" content=\"en_US\" \/>\n<meta property=\"og:type\" content=\"article\" \/>\n<meta property=\"og:title\" content=\"Fahrtreppen, Fahrsteige &amp; Aufz\u00fcge \u2013 Geyssel Berlin\" \/>\n<meta property=\"og:description\" content=\"Fahrtreppen, Fahrsteige &amp; Aufz\u00fcge von Geyssel Berlin (Niederlassung Ost): \u2713 Qualit\u00e4t \u2713 Service \u2713 Zuverl\u00e4ssigkeit. \u260e +49 221 5343990\" \/>\n<meta property=\"og:url\" content=\"https:\/\/geyssel.net\/at\/niederlassung-ost\/\" \/>\n<meta property=\"og:site_name\" content=\"Fahrtreppen, Fahrsteige und Aufz\u00fcge\" \/>\n<meta property=\"article:modified_time\" content=\"2025-03-19T16:41:49+00:00\" \/>\n<meta property=\"og:image\" content=\"https:\/\/geyssel.net\/wp-content\/uploads\/2022\/05\/reparatur-geyssel-verladetechnik.jpg\" \/>\n\t<meta property=\"og:image:width\" content=\"1006\" \/>\n\t<meta property=\"og:image:height\" content=\"496\" \/>\n\t<meta property=\"og:image:type\" content=\"image\/jpeg\" \/>\n<meta name=\"twitter:card\" content=\"summary_large_image\" \/>\n<meta name=\"twitter:label1\" content=\"Est. reading time\" \/>\n\t<meta name=\"twitter:data1\" content=\"16 minutes\" \/>\n<script type=\"application\/ld+json\" class=\"yoast-schema-graph\">{\"@context\":\"https:\\\/\\\/schema.org\",\"@graph\":[{\"@type\":\"WebPage\",\"@id\":\"https:\\\/\\\/geyssel.net\\\/at\\\/niederlassung-ost\\\/\",\"url\":\"https:\\\/\\\/geyssel.net\\\/at\\\/niederlassung-ost\\\/\",\"name\":\"Fahrtreppen, Fahrsteige & Aufz\u00fcge \u2013 Geyssel Berlin\",\"isPartOf\":{\"@id\":\"https:\\\/\\\/geyssel.net\\\/at\\\/#website\"},\"primaryImageOfPage\":{\"@id\":\"https:\\\/\\\/geyssel.net\\\/at\\\/niederlassung-ost\\\/#primaryimage\"},\"image\":{\"@id\":\"https:\\\/\\\/geyssel.net\\\/at\\\/niederlassung-ost\\\/#primaryimage\"},\"thumbnailUrl\":\"https:\\\/\\\/geyssel.net\\\/wp-content\\\/uploads\\\/2022\\\/05\\\/reparatur-geyssel-verladetechnik.jpg\",\"datePublished\":\"2023-08-25T16:49:29+00:00\",\"dateModified\":\"2025-03-19T16:41:49+00:00\",\"description\":\"Fahrtreppen, Fahrsteige & Aufz\u00fcge von Geyssel Berlin (Niederlassung Ost): \u2713 Qualit\u00e4t \u2713 Service \u2713 Zuverl\u00e4ssigkeit. \u260e +49 221 5343990\",\"breadcrumb\":{\"@id\":\"https:\\\/\\\/geyssel.net\\\/at\\\/niederlassung-ost\\\/#breadcrumb\"},\"inLanguage\":\"at-AT\",\"potentialAction\":[{\"@type\":\"ReadAction\",\"target\":[\"https:\\\/\\\/geyssel.net\\\/at\\\/niederlassung-ost\\\/\"]}]},{\"@type\":\"ImageObject\",\"inLanguage\":\"at-AT\",\"@id\":\"https:\\\/\\\/geyssel.net\\\/at\\\/niederlassung-ost\\\/#primaryimage\",\"url\":\"https:\\\/\\\/geyssel.net\\\/wp-content\\\/uploads\\\/2022\\\/05\\\/reparatur-geyssel-verladetechnik.jpg\",\"contentUrl\":\"https:\\\/\\\/geyssel.net\\\/wp-content\\\/uploads\\\/2022\\\/05\\\/reparatur-geyssel-verladetechnik.jpg\",\"width\":1006,\"height\":496,\"caption\":\"Fahrtreppen, Fahrsteige & Aufz\u00fcge von Geyssel\"},{\"@type\":\"BreadcrumbList\",\"@id\":\"https:\\\/\\\/geyssel.net\\\/at\\\/niederlassung-ost\\\/#breadcrumb\",\"itemListElement\":[{\"@type\":\"ListItem\",\"position\":1,\"name\":\"Startseite\",\"item\":\"https:\\\/\\\/geyssel.net\\\/at\\\/\"},{\"@type\":\"ListItem\",\"position\":2,\"name\":\"Niederlassung Ost\"}]},{\"@type\":\"WebSite\",\"@id\":\"https:\\\/\\\/geyssel.net\\\/at\\\/#website\",\"url\":\"https:\\\/\\\/geyssel.net\\\/at\\\/\",\"name\":\"Fahrtreppen, Fahrsteige und Aufz\u00fcge\",\"description\":\"Geyssel\",\"publisher\":{\"@id\":\"https:\\\/\\\/geyssel.net\\\/at\\\/#organization\"},\"potentialAction\":[{\"@type\":\"SearchAction\",\"target\":{\"@type\":\"EntryPoint\",\"urlTemplate\":\"https:\\\/\\\/geyssel.net\\\/at\\\/?s={search_term_string}\"},\"query-input\":{\"@type\":\"PropertyValueSpecification\",\"valueRequired\":true,\"valueName\":\"search_term_string\"}}],\"inLanguage\":\"at-AT\"},{\"@type\":\"Organization\",\"@id\":\"https:\\\/\\\/geyssel.net\\\/at\\\/#organization\",\"name\":\"Fahrtreppen, Fahrsteige und Aufz\u00fcge\",\"url\":\"https:\\\/\\\/geyssel.net\\\/at\\\/\",\"logo\":{\"@type\":\"ImageObject\",\"inLanguage\":\"at-AT\",\"@id\":\"https:\\\/\\\/geyssel.net\\\/at\\\/#\\\/schema\\\/logo\\\/image\\\/\",\"url\":\"https:\\\/\\\/geyssel.net\\\/wp-content\\\/uploads\\\/2025\\\/03\\\/logo-geyssel-fahrtreppen.png\",\"contentUrl\":\"https:\\\/\\\/geyssel.net\\\/wp-content\\\/uploads\\\/2025\\\/03\\\/logo-geyssel-fahrtreppen.png\",\"width\":505,\"height\":147,\"caption\":\"Fahrtreppen, Fahrsteige und Aufz\u00fcge\"},\"image\":{\"@id\":\"https:\\\/\\\/geyssel.net\\\/at\\\/#\\\/schema\\\/logo\\\/image\\\/\"}}]}<\/script>\n<!-- \/ Yoast SEO plugin. -->","yoast_head_json":{"title":"Fahrtreppen, Fahrsteige & Aufz\u00fcge \u2013 Geyssel Berlin","description":"Fahrtreppen, Fahrsteige & Aufz\u00fcge von Geyssel Berlin (Niederlassung Ost): \u2713 Qualit\u00e4t \u2713 Service \u2713 Zuverl\u00e4ssigkeit. \u260e +49 221 5343990","robots":{"index":"index","follow":"follow","max-snippet":"max-snippet:-1","max-image-preview":"max-image-preview:large","max-video-preview":"max-video-preview:-1"},"canonical":"https:\/\/geyssel.net\/at\/niederlassung-ost\/","og_locale":"en_US","og_type":"article","og_title":"Fahrtreppen, Fahrsteige & Aufz\u00fcge \u2013 Geyssel Berlin","og_description":"Fahrtreppen, Fahrsteige & Aufz\u00fcge von Geyssel Berlin (Niederlassung Ost): \u2713 Qualit\u00e4t \u2713 Service \u2713 Zuverl\u00e4ssigkeit. \u260e +49 221 5343990","og_url":"https:\/\/geyssel.net\/at\/niederlassung-ost\/","og_site_name":"Fahrtreppen, Fahrsteige und Aufz\u00fcge","article_modified_time":"2025-03-19T16:41:49+00:00","og_image":[{"width":1006,"height":496,"url":"https:\/\/geyssel.net\/wp-content\/uploads\/2022\/05\/reparatur-geyssel-verladetechnik.jpg","type":"image\/jpeg"}],"twitter_card":"summary_large_image","twitter_misc":{"Est. reading time":"16 minutes"},"schema":{"@context":"https:\/\/schema.org","@graph":[{"@type":"WebPage","@id":"https:\/\/geyssel.net\/at\/niederlassung-ost\/","url":"https:\/\/geyssel.net\/at\/niederlassung-ost\/","name":"Fahrtreppen, Fahrsteige & Aufz\u00fcge \u2013 Geyssel Berlin","isPartOf":{"@id":"https:\/\/geyssel.net\/at\/#website"},"primaryImageOfPage":{"@id":"https:\/\/geyssel.net\/at\/niederlassung-ost\/#primaryimage"},"image":{"@id":"https:\/\/geyssel.net\/at\/niederlassung-ost\/#primaryimage"},"thumbnailUrl":"https:\/\/geyssel.net\/wp-content\/uploads\/2022\/05\/reparatur-geyssel-verladetechnik.jpg","datePublished":"2023-08-25T16:49:29+00:00","dateModified":"2025-03-19T16:41:49+00:00","description":"Fahrtreppen, Fahrsteige & Aufz\u00fcge von Geyssel Berlin (Niederlassung Ost): \u2713 Qualit\u00e4t \u2713 Service \u2713 Zuverl\u00e4ssigkeit. \u260e +49 221 5343990","breadcrumb":{"@id":"https:\/\/geyssel.net\/at\/niederlassung-ost\/#breadcrumb"},"inLanguage":"at-AT","potentialAction":[{"@type":"ReadAction","target":["https:\/\/geyssel.net\/at\/niederlassung-ost\/"]}]},{"@type":"ImageObject","inLanguage":"at-AT","@id":"https:\/\/geyssel.net\/at\/niederlassung-ost\/#primaryimage","url":"https:\/\/geyssel.net\/wp-content\/uploads\/2022\/05\/reparatur-geyssel-verladetechnik.jpg","contentUrl":"https:\/\/geyssel.net\/wp-content\/uploads\/2022\/05\/reparatur-geyssel-verladetechnik.jpg","width":1006,"height":496,"caption":"Fahrtreppen, Fahrsteige & Aufz\u00fcge von Geyssel"},{"@type":"BreadcrumbList","@id":"https:\/\/geyssel.net\/at\/niederlassung-ost\/#breadcrumb","itemListElement":[{"@type":"ListItem","position":1,"name":"Startseite","item":"https:\/\/geyssel.net\/at\/"},{"@type":"ListItem","position":2,"name":"Niederlassung Ost"}]},{"@type":"WebSite","@id":"https:\/\/geyssel.net\/at\/#website","url":"https:\/\/geyssel.net\/at\/","name":"Fahrtreppen, Fahrsteige und Aufz\u00fcge","description":"Geyssel","publisher":{"@id":"https:\/\/geyssel.net\/at\/#organization"},"potentialAction":[{"@type":"SearchAction","target":{"@type":"EntryPoint","urlTemplate":"https:\/\/geyssel.net\/at\/?s={search_term_string}"},"query-input":{"@type":"PropertyValueSpecification","valueRequired":true,"valueName":"search_term_string"}}],"inLanguage":"at-AT"},{"@type":"Organization","@id":"https:\/\/geyssel.net\/at\/#organization","name":"Fahrtreppen, Fahrsteige und Aufz\u00fcge","url":"https:\/\/geyssel.net\/at\/","logo":{"@type":"ImageObject","inLanguage":"at-AT","@id":"https:\/\/geyssel.net\/at\/#\/schema\/logo\/image\/","url":"https:\/\/geyssel.net\/wp-content\/uploads\/2025\/03\/logo-geyssel-fahrtreppen.png","contentUrl":"https:\/\/geyssel.net\/wp-content\/uploads\/2025\/03\/logo-geyssel-fahrtreppen.png","width":505,"height":147,"caption":"Fahrtreppen, Fahrsteige und Aufz\u00fcge"},"image":{"@id":"https:\/\/geyssel.net\/at\/#\/schema\/logo\/image\/"}}]}},"_links":{"self":[{"href":"https:\/\/geyssel.net\/at\/wp-json\/wp\/v2\/pages\/19010","targetHints":{"allow":["GET"]}}],"collection":[{"href":"https:\/\/geyssel.net\/at\/wp-json\/wp\/v2\/pages"}],"about":[{"href":"https:\/\/geyssel.net\/at\/wp-json\/wp\/v2\/types\/page"}],"author":[{"embeddable":true,"href":"https:\/\/geyssel.net\/at\/wp-json\/wp\/v2\/users\/2"}],"replies":[{"embeddable":true,"href":"https:\/\/geyssel.net\/at\/wp-json\/wp\/v2\/comments?post=19010"}],"version-history":[{"count":1,"href":"https:\/\/geyssel.net\/at\/wp-json\/wp\/v2\/pages\/19010\/revisions"}],"predecessor-version":[{"id":19243,"href":"https:\/\/geyssel.net\/at\/wp-json\/wp\/v2\/pages\/19010\/revisions\/19243"}],"wp:featuredmedia":[{"embeddable":true,"href":"https:\/\/geyssel.net\/at\/wp-json\/wp\/v2\/media\/19007"}],"wp:attachment":[{"href":"https:\/\/geyssel.net\/at\/wp-json\/wp\/v2\/media?parent=19010"}],"curies":[{"name":"wp","href":"https:\/\/api.w.org\/{rel}","templated":true}]}}